{"id":384,"date":"2015-10-22T10:42:16","date_gmt":"2015-10-22T10:42:16","guid":{"rendered":"http:\/\/www.asel.hr\/?page_id=384"},"modified":"2020-01-27T09:46:01","modified_gmt":"2020-01-27T09:46:01","slug":"stroj-za-automatsko-urezivanje-navoja","status":"publish","type":"page","link":"https:\/\/asel.hr\/?page_id=384","title":{"rendered":"STROJ ZA AUTOMATSKO UREZIVANJE NAVOJA"},"content":{"rendered":"<h1>STROJ ZA AUTOMATSKO UREZIVANJE NAVOJA<\/h1>\n<p>&nbsp;<br \/>\n&nbsp;<br \/>\n<center><img decoding=\"async\" loading=\"lazy\" class=\"alignnone size-medium wp-image-385\" src=\"http:\/\/www.asel.hr\/wp-content\/uploads\/2015\/10\/strojni-ureznik-184x300.jpg\" alt=\"strojni ureznik\" width=\"184\" height=\"300\" srcset=\"https:\/\/asel.hr\/wp-content\/uploads\/2015\/10\/strojni-ureznik-184x300.jpg 184w, https:\/\/asel.hr\/wp-content\/uploads\/2015\/10\/strojni-ureznik.jpg 212w\" sizes=\"(max-width: 184px) 100vw, 184px\" \/><\/center><br \/>\n&nbsp;<br \/>\nAutomatizirajte urezivanje navoja u proizvodnji koriste\u0107i ovaj pneumatski stroj za urezivanje navoja uz brzo promjenjivi pribor koji dobijete uz stroj mo\u017eete ubrzati proizvodnju te \u0107e Vam pojednostaviti i olak\u0161ati proces izrade:<br \/>\n&nbsp;<br \/>\n&#8211; podesivo kva\u010dilo za svaki ureznik posebno<br \/>\n&#8211; mogu\u0107nost pode\u0161avanja do koje sile \u0107e stroj urezivati<br \/>\n&#8211; automatsko vra\u0107anje<br \/>\n&#8211; radno podru\u010dje 0,9-2m<br \/>\n&nbsp;<br \/>\nPostoje vi\u0161e modela ovisno o promjerima urezivanja navoja: od M3-M20.<\/p>\n<table border=\"1\" cellspacing=\"0\" cellpadding=\"0\" align=\"center\">\n<tbody>\n<tr>\n<td colspan=\"3\" valign=\"top\" bgcolor=\"#CC0000\">\n<p class=\"style29\" align=\"center\"><span style=\"color: #000000;\"><strong>Neto Cijena<\/strong><\/span><br \/>\n<span style=\"color: #000000;\"> <strong>KN<\/strong><\/span><\/p>\n<\/td>\n<td colspan=\"4\" valign=\"top\" bgcolor=\"#CC0000\">\n<p class=\"style29\" align=\"center\"><span style=\"color: #000000;\"><strong>Tip GX12<\/strong><\/span><br \/>\n<span style=\"color: #000000;\"> <strong>M3-M12<\/strong><\/span><\/p>\n<\/td>\n<td colspan=\"3\" valign=\"top\" bgcolor=\"#CC0000\">\n<p class=\"style29\" align=\"center\"><span style=\"color: #000000;\"><strong>Broj okr. (rpm)<\/strong><\/span><\/p>\n<\/td>\n<td colspan=\"3\" valign=\"top\" bgcolor=\"#CC0000\">\n<p class=\"style29\" align=\"center\"><span style=\"color: #000000;\"><strong>Te\u017eina (kg)<\/strong><\/span><\/p>\n<\/td>\n<td colspan=\"3\" valign=\"top\" bgcolor=\"#CC0000\">\n<p class=\"style29\" align=\"center\"><span style=\"color: #000000;\"><strong>Raspon ruke<\/strong><\/span><\/p>\n<\/td>\n<td colspan=\"2\" valign=\"top\" bgcolor=\"#CC0000\">\n<p class=\"style29\" align=\"center\"><span style=\"color: #000000;\"><strong>Kut urezivanja<\/strong><\/span><\/p>\n<\/td>\n<\/tr>\n<tr>\n<td colspan=\"3\" valign=\"top\">\n<p align=\"center\"><strong>13.200<\/strong><\/p>\n<\/td>\n<td colspan=\"4\" valign=\"top\">\n<p align=\"center\">CW<\/p>\n<\/td>\n<td colspan=\"3\" valign=\"top\">\n<p align=\"center\">400<\/p>\n<\/td>\n<td colspan=\"3\" valign=\"top\">\n<p align=\"center\">24<\/p>\n<\/td>\n<td colspan=\"3\" valign=\"top\">\n<p align=\"center\">R1900mm<\/p>\n<\/td>\n<td colspan=\"2\" valign=\"top\">\n<p align=\"center\">slobodan<\/p>\n<\/td>\n<\/tr>\n<tr>\n<td colspan=\"3\" valign=\"top\">\n<p align=\"left\"><img decoding=\"async\" loading=\"lazy\" src=\"http:\/\/asel.hr\/images\/stroj%20za%20urezivanje%20navoja_clip_image002.jpg\" alt=\"02\" width=\"129\" height=\"130\" \/><\/p>\n<\/td>\n<td colspan=\"15\" valign=\"top\">\n<p align=\"center\"><strong>Standardna oprema:<\/strong><br \/>\nPneumatski motor, \u00a0ruka , zra\u010dna glava, set dr\u017ea\u010da sa kva\u010dilom -za\u0161tita od preoptere\u0107enja M3, M4, M5, M6, M8, M10, M12;uputstvo za upotrebu<\/p>\n<\/td>\n<\/tr>\n<tr>\n<td colspan=\"3\" valign=\"top\" bgcolor=\"#CC0000\">\n<p class=\"style29\" align=\"center\"><span style=\"color: #000000;\"><strong>Neto Cijena<\/strong><\/span><br \/>\n<span style=\"color: #000000;\"> <strong>KN<\/strong><\/span><\/p>\n<\/td>\n<td colspan=\"4\" valign=\"top\" bgcolor=\"#CC0000\">\n<p class=\"style29\" align=\"center\"><span style=\"color: #000000;\"><strong>Tip GX16<\/strong><\/span><br \/>\n<span style=\"color: #000000;\"> <strong>M5-M16<\/strong><\/span><\/p>\n<\/td>\n<td colspan=\"3\" valign=\"top\" bgcolor=\"#CC0000\">\n<p class=\"style29\" align=\"center\"><span style=\"color: #000000;\"><strong>Broj okr. (rpm)<\/strong><\/span><\/p>\n<\/td>\n<td colspan=\"3\" valign=\"top\" bgcolor=\"#CC0000\">\n<p class=\"style29\" align=\"center\"><span style=\"color: #000000;\"><strong>Te\u017eina (kg)<\/strong><\/span><\/p>\n<\/td>\n<td colspan=\"3\" valign=\"top\" bgcolor=\"#CC0000\">\n<p class=\"style29\" align=\"center\"><span style=\"color: #000000;\"><strong>Raspon ruke<\/strong><\/span><\/p>\n<\/td>\n<td colspan=\"2\" valign=\"top\" bgcolor=\"#CC0000\">\n<p class=\"style29\" align=\"center\"><span style=\"color: #000000;\"><strong>Kut urezivanja<\/strong><\/span><\/p>\n<\/td>\n<\/tr>\n<tr>\n<td colspan=\"3\" valign=\"top\">\n<p align=\"center\"><strong>16.200<\/strong><\/p>\n<\/td>\n<td colspan=\"4\" valign=\"top\">\n<p align=\"center\">CW<\/p>\n<\/td>\n<td colspan=\"3\" valign=\"top\">\n<p align=\"center\">250<\/p>\n<\/td>\n<td colspan=\"3\" valign=\"top\">\n<p align=\"center\">30<\/p>\n<\/td>\n<td colspan=\"3\" valign=\"top\">\n<p align=\"center\">R1900mm<\/p>\n<\/td>\n<td colspan=\"2\" valign=\"top\">\n<p align=\"center\">slobodan<\/p>\n<\/td>\n<\/tr>\n<tr>\n<td colspan=\"3\" valign=\"top\">\n<p align=\"center\"><strong><img decoding=\"async\" loading=\"lazy\" src=\"http:\/\/asel.hr\/images\/stroj%20za%20urezivanje%20navoja_clip_image004.jpg\" alt=\"04\" width=\"126\" height=\"135\" \/><\/strong><\/p>\n<\/td>\n<td colspan=\"15\" valign=\"top\">\n<p align=\"center\"><strong>Standardna oprema:<\/strong><\/p>\n<p align=\"left\">Pneumatski motor, ruka , zra\u010dna glava<br \/>\n&#8211; set dr\u017ea\u010da sa kva\u010dilom po izboru 6kom (M5-M16)<br \/>\n-za\u0161tita od preoptere\u0107enja<br \/>\n-uputstvo za upotrebu<\/p>\n<\/td>\n<\/tr>\n<tr>\n<td valign=\"top\" bgcolor=\"#CC0000\" width=\"137\">\n<p class=\"style29\" align=\"center\"><span style=\"color: #000000;\"><strong>Neto Cijena<\/strong><\/span><br \/>\n<span style=\"color: #000000;\"> <strong>KN<\/strong><\/span><\/p>\n<\/td>\n<td colspan=\"4\" valign=\"top\" bgcolor=\"#CC0000\">\n<p class=\"style29\" align=\"center\"><span style=\"color: #000000;\"><strong>Tip GX24<\/strong><\/span><br \/>\n<span style=\"color: #000000;\"> <strong><u>M6-M24<\/u><\/strong><\/span><\/p>\n<\/td>\n<td colspan=\"3\" valign=\"top\" bgcolor=\"#CC0000\">\n<p class=\"style29\" align=\"center\"><span style=\"color: #000000;\"><strong>Broj okr. (rpm)<\/strong><\/span><\/p>\n<\/td>\n<td colspan=\"3\" valign=\"top\" bgcolor=\"#CC0000\">\n<p class=\"style29\" align=\"center\"><span style=\"color: #000000;\"><strong>Te\u017eina (kg)<\/strong><\/span><\/p>\n<\/td>\n<td colspan=\"3\" valign=\"top\" bgcolor=\"#CC0000\">\n<p class=\"style29\" align=\"center\"><span style=\"color: #000000;\"><strong>Raspon ruke<\/strong><\/span><\/p>\n<\/td>\n<td colspan=\"3\" valign=\"top\" bgcolor=\"#CC0000\">\n<p class=\"style29\" align=\"center\"><span style=\"color: #000000;\"><strong>Kut urezivanja<\/strong><\/span><\/p>\n<\/td>\n<td bgcolor=\"#CC0000\" width=\"138\"><\/td>\n<\/tr>\n<tr>\n<td valign=\"top\" width=\"137\">\n<p align=\"center\"><strong>17.400<\/strong><\/p>\n<\/td>\n<td colspan=\"4\" valign=\"top\">\n<p align=\"center\">CW<\/p>\n<\/td>\n<td colspan=\"3\" valign=\"top\">\n<p align=\"center\">90\/250<\/p>\n<\/td>\n<td colspan=\"3\" valign=\"top\">\n<p align=\"center\">41<\/p>\n<\/td>\n<td colspan=\"3\" valign=\"top\">\n<p align=\"center\">R2000mm<\/p>\n<\/td>\n<td colspan=\"3\" valign=\"top\">\n<p align=\"center\">slobodan<\/p>\n<\/td>\n<td width=\"138\"><\/td>\n<\/tr>\n<tr>\n<td colspan=\"3\" valign=\"top\">\n<p align=\"left\"><img decoding=\"async\" loading=\"lazy\" src=\"http:\/\/asel.hr\/images\/stroj%20za%20urezivanje%20navoja_clip_image006.jpg\" alt=\"06\" width=\"125\" height=\"133\" \/><\/p>\n<\/td>\n<td colspan=\"14\" valign=\"top\">\n<p align=\"center\"><strong>Standardna oprema:<\/strong><\/p>\n<p align=\"left\">Pneumatski motor, ruka , zra\u010dna glava<br \/>\n&#8211; set dr\u017ea\u010da sa kva\u010dilom 7kom po izboru (M6-M24)<br \/>\n-za\u0161tita od preoptere\u0107enja<br \/>\n-uputstvo za upotrebu<\/p>\n<\/td>\n<td width=\"138\"><\/td>\n<\/tr>\n<tr>\n<td colspan=\"2\" valign=\"top\" bgcolor=\"#CC0000\">\n<p class=\"style29\" align=\"center\"><span style=\"color: #000000;\"><strong>Neto Cijena KN<\/strong><\/span><\/p>\n<\/td>\n<td colspan=\"4\" valign=\"top\" bgcolor=\"#CC0000\">\n<p class=\"style29\" align=\"center\"><span style=\"color: #000000;\"><strong>Tip\u00a0 GX33 M10-M33<\/strong><\/span><\/p>\n<\/td>\n<td colspan=\"3\" valign=\"top\" bgcolor=\"#CC0000\">\n<p class=\"style29\" align=\"center\"><span style=\"color: #000000;\"><strong>Broj okret. (rpm)<\/strong><\/span><\/p>\n<\/td>\n<td colspan=\"3\" valign=\"top\" bgcolor=\"#CC0000\">\n<p class=\"style29\" align=\"center\"><span style=\"color: #000000;\"><strong>te\u017eina(kg)<\/strong><\/span><\/p>\n<\/td>\n<td colspan=\"3\" valign=\"top\" bgcolor=\"#CC0000\">\n<p class=\"style29\" align=\"center\"><span style=\"color: #000000;\"><strong>Raspon ruke (Rmax)<\/strong><\/span><\/p>\n<\/td>\n<td colspan=\"2\" valign=\"top\" bgcolor=\"#CC0000\">\n<p class=\"style29\" align=\"center\"><span style=\"color: #000000;\"><strong>Kut urezivanja<\/strong><\/span><\/p>\n<\/td>\n<td bgcolor=\"#CC0000\" width=\"138\"><\/td>\n<\/tr>\n<tr>\n<td colspan=\"2\" valign=\"top\">\n<p align=\"center\"><strong>21.400<\/strong><\/p>\n<\/td>\n<td colspan=\"4\" valign=\"top\">\n<p align=\"center\">W<\/p>\n<\/td>\n<td colspan=\"3\" valign=\"top\">\n<p align=\"center\">35\/115<\/p>\n<\/td>\n<td colspan=\"3\" valign=\"top\">\n<p align=\"center\">50<\/p>\n<\/td>\n<td colspan=\"3\" valign=\"top\">\n<p align=\"center\">R2000mm<\/p>\n<\/td>\n<td colspan=\"2\" valign=\"top\">\n<p align=\"center\">slobodan<\/p>\n<\/td>\n<td width=\"138\"><\/td>\n<\/tr>\n<tr>\n<td colspan=\"4\" valign=\"top\">\n<p align=\"center\"><img decoding=\"async\" loading=\"lazy\" src=\"http:\/\/asel.hr\/images\/stroj%20za%20urezivanje%20navoja_clip_image008.jpg\" alt=\"08\" width=\"141\" height=\"141\" \/><\/p>\n<\/td>\n<td colspan=\"13\" valign=\"top\">\n<p align=\"center\"><strong>Standardna oprema:<\/strong><br \/>\nPneumatski motor,\u00a0 ruka , zra\u010dna glava, set dr\u017ea\u010da sa kva\u010dilom -za\u0161tita od preoptere\u0107enja(po izboru 6kom od M10-M33; uputstvo za upotrebu)<\/p>\n<\/td>\n<td width=\"138\"><\/td>\n<\/tr>\n<\/tbody>\n<\/table>\n<p>&nbsp;<\/p>\n","protected":false},"excerpt":{"rendered":"<p>STROJ ZA AUTOMATSKO UREZIVANJE NAVOJA &nbsp; &nbsp; &nbsp; Automatizirajte urezivanje navoja u proizvodnji koriste\u0107i ovaj pneumatski stroj za urezivanje navoja uz brzo promjenjivi pribor koji dobijete uz stroj mo\u017eete ubrzati proizvodnju te \u0107e Vam pojednostaviti i olak\u0161ati proces izrade: &nbsp; &#8211; podesivo kva\u010dilo za svaki ureznik posebno &#8211; mogu\u0107nost pode\u0161avanja do koje sile \u0107e stroj [&hellip;]<\/p>\n","protected":false},"author":1,"featured_media":0,"parent":0,"menu_order":0,"comment_status":"closed","ping_status":"closed","template":"","meta":[],"_links":{"self":[{"href":"https:\/\/asel.hr\/index.php?rest_route=\/wp\/v2\/pages\/384"}],"collection":[{"href":"https:\/\/asel.hr\/index.php?rest_route=\/wp\/v2\/pages"}],"about":[{"href":"https:\/\/asel.hr\/index.php?rest_route=\/wp\/v2\/types\/page"}],"author":[{"embeddable":true,"href":"https:\/\/asel.hr\/index.php?rest_route=\/wp\/v2\/users\/1"}],"replies":[{"embeddable":true,"href":"https:\/\/asel.hr\/index.php?rest_route=%2Fwp%2Fv2%2Fcomments&post=384"}],"version-history":[{"count":9,"href":"https:\/\/asel.hr\/index.php?rest_route=\/wp\/v2\/pages\/384\/revisions"}],"predecessor-version":[{"id":2579,"href":"https:\/\/asel.hr\/index.php?rest_route=\/wp\/v2\/pages\/384\/revisions\/2579"}],"wp:attachment":[{"href":"https:\/\/asel.hr\/index.php?rest_route=%2Fwp%2Fv2%2Fmedia&parent=384"}],"curies":[{"name":"wp","href":"https:\/\/api.w.org\/{rel}","templated":true}]}}