{"id":368,"date":"2015-10-22T09:09:05","date_gmt":"2015-10-22T09:09:05","guid":{"rendered":"http:\/\/www.asel.hr\/?page_id=368"},"modified":"2015-11-09T10:23:37","modified_gmt":"2015-11-09T10:23:37","slug":"cnc-rezalica-za-metal","status":"publish","type":"page","link":"https:\/\/asel.hr\/?page_id=368","title":{"rendered":"CNC REZALICA ZA METAL"},"content":{"rendered":"<h1>CNC REZA\u010c ZA METAL<\/h1>\n<p>&nbsp;<br \/>\n&nbsp;<br \/>\n-CNC reza\u010d pogonjen na plin, plazmu ili laser<br \/>\n-direktno rezanje \u017eeljeza iz AutoCAD-a ili nekih drugih crta\u0107ih programa<br \/>\n-mogu\u0107nost izrade rupa u metalu<br \/>\n-detektor visine<br \/>\n-automatsko pode\u0161avanje visine<br \/>\n-uzdu\u017ene staze mogu biti konfigurirane (pro\u0161irive)<br \/>\n-debljina rezanja plazmom 1-60mm<br \/>\n-debljina rezanja plinom 6-200mm<br \/>\n&nbsp;<\/p>\n<p style=\"text-align: center;\"><b>CNC Plazma\/plin rezalica HEC-1530 prenosiva- AKCIJA!!!<\/b><\/p>\n<p>&#8211; rezanje do \u0161irine 1,5m, standardna du\u017eina 3m (pro\u0161iriva po potrebi)<br \/>\n&nbsp;<br \/>\n<center><img decoding=\"async\" loading=\"lazy\" src=\"http:\/\/www.asel.hr\/wp-content\/uploads\/2015\/10\/CNC_prenosiva_rezalica_450px-300x175.jpg\" alt=\"CNC_prenosiva_rezalica_450px\" width=\"300\" height=\"175\" \/><\/center><br \/>\n&nbsp;<\/p>\n<p style=\"text-align: center;\"><b>CNC Plazma\/plin rezalica HGC-ES 3030 dvostupna<\/b><\/p>\n<p>&nbsp;<br \/>\n&#8211; rezanje do \u0161irine 3m, standardna du\u017eina 3m (pro\u0161iriva po potrebi)<br \/>\n&nbsp;<\/p>\n<table align=\"center\">\n<tbody>\n<tr>\n<td><img decoding=\"async\" loading=\"lazy\" class=\"alignnone size-medium wp-image-373\" src=\"http:\/\/www.asel.hr\/wp-content\/uploads\/2015\/10\/CNC_REZALICA_y6_450px-300x200.jpg\" alt=\"CNC_REZALICA_y6_450px\" width=\"300\" height=\"200\" srcset=\"https:\/\/asel.hr\/wp-content\/uploads\/2015\/10\/CNC_REZALICA_y6_450px-300x200.jpg 300w, https:\/\/asel.hr\/wp-content\/uploads\/2015\/10\/CNC_REZALICA_y6_450px.jpg 450w\" sizes=\"(max-width: 300px) 100vw, 300px\" \/><\/td>\n<td><img decoding=\"async\" loading=\"lazy\" class=\"alignnone size-medium wp-image-372\" src=\"http:\/\/www.asel.hr\/wp-content\/uploads\/2015\/10\/CNC_REZALICA_8_450px-300x201.jpg\" alt=\"CNC_REZALICA_8_450px\" width=\"300\" height=\"201\" srcset=\"https:\/\/asel.hr\/wp-content\/uploads\/2015\/10\/CNC_REZALICA_8_450px-300x201.jpg 300w, https:\/\/asel.hr\/wp-content\/uploads\/2015\/10\/CNC_REZALICA_8_450px.jpg 450w\" sizes=\"(max-width: 300px) 100vw, 300px\" \/><\/td>\n<\/tr>\n<tr>\n<td><img decoding=\"async\" loading=\"lazy\" class=\"alignnone size-medium wp-image-371\" src=\"http:\/\/www.asel.hr\/wp-content\/uploads\/2015\/10\/CNC_REZALICA_2_450px-300x169.jpg\" alt=\"CNC_REZALICA_2_450px\" width=\"300\" height=\"169\" srcset=\"https:\/\/asel.hr\/wp-content\/uploads\/2015\/10\/CNC_REZALICA_2_450px-300x169.jpg 300w, https:\/\/asel.hr\/wp-content\/uploads\/2015\/10\/CNC_REZALICA_2_450px.jpg 450w\" sizes=\"(max-width: 300px) 100vw, 300px\" \/><\/td>\n<td><img decoding=\"async\" loading=\"lazy\" class=\"alignnone size-medium wp-image-370\" src=\"http:\/\/www.asel.hr\/wp-content\/uploads\/2015\/10\/CNCREZALICA_450px-300x125.jpg\" alt=\"CNCREZALICA_450px\" width=\"300\" height=\"125\" srcset=\"https:\/\/asel.hr\/wp-content\/uploads\/2015\/10\/CNCREZALICA_450px-300x125.jpg 300w, https:\/\/asel.hr\/wp-content\/uploads\/2015\/10\/CNCREZALICA_450px.jpg 450w\" sizes=\"(max-width: 300px) 100vw, 300px\" \/><\/td>\n<\/tr>\n<\/tbody>\n<\/table>\n<p>&nbsp;<\/p>\n","protected":false},"excerpt":{"rendered":"<p>CNC REZA\u010c ZA METAL &nbsp; &nbsp; -CNC reza\u010d pogonjen na plin, plazmu ili laser -direktno rezanje \u017eeljeza iz AutoCAD-a ili nekih drugih crta\u0107ih programa -mogu\u0107nost izrade rupa u metalu -detektor visine -automatsko pode\u0161avanje visine -uzdu\u017ene staze mogu biti konfigurirane (pro\u0161irive) -debljina rezanja plazmom 1-60mm -debljina rezanja plinom 6-200mm &nbsp; CNC Plazma\/plin rezalica HEC-1530 prenosiva- AKCIJA!!! [&hellip;]<\/p>\n","protected":false},"author":1,"featured_media":0,"parent":0,"menu_order":0,"comment_status":"closed","ping_status":"closed","template":"","meta":[],"_links":{"self":[{"href":"https:\/\/asel.hr\/index.php?rest_route=\/wp\/v2\/pages\/368"}],"collection":[{"href":"https:\/\/asel.hr\/index.php?rest_route=\/wp\/v2\/pages"}],"about":[{"href":"https:\/\/asel.hr\/index.php?rest_route=\/wp\/v2\/types\/page"}],"author":[{"embeddable":true,"href":"https:\/\/asel.hr\/index.php?rest_route=\/wp\/v2\/users\/1"}],"replies":[{"embeddable":true,"href":"https:\/\/asel.hr\/index.php?rest_route=%2Fwp%2Fv2%2Fcomments&post=368"}],"version-history":[{"count":11,"href":"https:\/\/asel.hr\/index.php?rest_route=\/wp\/v2\/pages\/368\/revisions"}],"predecessor-version":[{"id":703,"href":"https:\/\/asel.hr\/index.php?rest_route=\/wp\/v2\/pages\/368\/revisions\/703"}],"wp:attachment":[{"href":"https:\/\/asel.hr\/index.php?rest_route=%2Fwp%2Fv2%2Fmedia&parent=368"}],"curies":[{"name":"wp","href":"https:\/\/api.w.org\/{rel}","templated":true}]}}