{"id":360,"date":"2015-10-22T08:54:44","date_gmt":"2015-10-22T08:54:44","guid":{"rendered":"http:\/\/www.asel.hr\/?page_id=360"},"modified":"2018-02-20T20:32:06","modified_gmt":"2018-02-20T20:32:06","slug":"otprasivac-duhana","status":"publish","type":"page","link":"https:\/\/asel.hr\/?page_id=360","title":{"rendered":"OTPRA\u0160IVA\u010c DUHANA"},"content":{"rendered":"<h1><font color=\"red\">AKCIJA !!!<\/font> OTPRA\u0160IVA\u010c DUHANA<\/h1>\n<p>&nbsp;<br \/>\n&nbsp;<br \/>\n<center><img decoding=\"async\" loading=\"lazy\" src=\"http:\/\/www.asel.hr\/wp-content\/uploads\/2015\/10\/dust-remover-300x277.jpg\" alt=\"dust remover\" width=\"300\" height=\"277\" class=\"alignnone size-medium wp-image-361\" \/><\/center><br \/>\n&nbsp;<br \/>\nOvaj ure\u0111aj se koristi za skidanje pra\u0161ine sa duhana, kamilice i ostalih proizvoda tako da mo\u017eete dobiti \u010distiju i bolju klasu za Va\u0161e proizvode.<br \/>\n&nbsp;<br \/>\nRadi na principu okretanja oko svoje osi gdje efektivno skida pra\u0161inu sa Va\u0161ih proizvoda.<br \/>\n&nbsp;<br \/>\nKarakteristike:<br \/>\n&#8211; podesiva visina<br \/>\n&#8211; podesiva brzina protoka duhana kroz otpra\u0161iva\u010d<br \/>\n&#8211; otpra\u0161ivanje duhana bez o\u0161te\u010divanja<br \/>\n&#8211; vrlo jednostavan za rukovanje<br \/>\n&nbsp;<\/p>\n","protected":false},"excerpt":{"rendered":"<p>AKCIJA !!! OTPRA\u0160IVA\u010c DUHANA &nbsp; &nbsp; &nbsp; Ovaj ure\u0111aj se koristi za skidanje pra\u0161ine sa duhana, kamilice i ostalih proizvoda tako da mo\u017eete dobiti \u010distiju i bolju klasu za Va\u0161e proizvode. &nbsp; Radi na principu okretanja oko svoje osi gdje efektivno skida pra\u0161inu sa Va\u0161ih proizvoda. &nbsp; Karakteristike: &#8211; podesiva visina &#8211; podesiva brzina protoka [&hellip;]<\/p>\n","protected":false},"author":1,"featured_media":0,"parent":0,"menu_order":0,"comment_status":"closed","ping_status":"closed","template":"","meta":[],"_links":{"self":[{"href":"https:\/\/asel.hr\/index.php?rest_route=\/wp\/v2\/pages\/360"}],"collection":[{"href":"https:\/\/asel.hr\/index.php?rest_route=\/wp\/v2\/pages"}],"about":[{"href":"https:\/\/asel.hr\/index.php?rest_route=\/wp\/v2\/types\/page"}],"author":[{"embeddable":true,"href":"https:\/\/asel.hr\/index.php?rest_route=\/wp\/v2\/users\/1"}],"replies":[{"embeddable":true,"href":"https:\/\/asel.hr\/index.php?rest_route=%2Fwp%2Fv2%2Fcomments&post=360"}],"version-history":[{"count":6,"href":"https:\/\/asel.hr\/index.php?rest_route=\/wp\/v2\/pages\/360\/revisions"}],"predecessor-version":[{"id":1471,"href":"https:\/\/asel.hr\/index.php?rest_route=\/wp\/v2\/pages\/360\/revisions\/1471"}],"wp:attachment":[{"href":"https:\/\/asel.hr\/index.php?rest_route=%2Fwp%2Fv2%2Fmedia&parent=360"}],"curies":[{"name":"wp","href":"https:\/\/api.w.org\/{rel}","templated":true}]}}