{"id":350,"date":"2015-10-22T08:38:02","date_gmt":"2015-10-22T08:38:02","guid":{"rendered":"http:\/\/www.asel.hr\/?page_id=350"},"modified":"2017-07-03T05:23:23","modified_gmt":"2017-07-03T05:23:23","slug":"drugi-elektronicki-uredaji","status":"publish","type":"page","link":"https:\/\/asel.hr\/?page_id=350","title":{"rendered":"DRUGI ELEKTRONI\u010cKI URE\u0110AJI (HVT, HRV, MTV, RTV)"},"content":{"rendered":"<h1>DRUGI ELEKTRONI\u010cKI URE\u0110AJI<\/h1>\n<p>&nbsp;<br \/>\n&nbsp;<br \/>\n&nbsp;<br \/>\n<b>HIGROMETAR HVT-1<\/b><br \/>\nZa mjerenje vla\u017ene temperature s senzorom temperature (s 5,0m kabela)<br \/>\n-rezolucija mjerenja vla\u017ene temper.: 0,1oC;<br \/>\n-podru\u010dje mjerenja vla\u017ene temp.: od 0\u201399.9oC<br \/>\n&nbsp;<br \/>\n<center><img decoding=\"async\" loading=\"lazy\" src=\"http:\/\/www.asel.hr\/wp-content\/uploads\/2015\/10\/separator-ads.jpg\" alt=\"separator-ads\" width=\"777\" height=\"10\" class=\"alignnone size-full wp-image-450\" srcset=\"https:\/\/asel.hr\/wp-content\/uploads\/2015\/10\/separator-ads.jpg 777w, https:\/\/asel.hr\/wp-content\/uploads\/2015\/10\/separator-ads-300x4.jpg 300w\" sizes=\"(max-width: 777px) 100vw, 777px\" \/><\/center><br \/>\n&nbsp;<br \/>\n<b>HIGROSTAT HVT-2<\/b><br \/>\nZa regulaciju vla\u017ene temperature s senzorom temperature (s 5,0m kabela). Ima izlaze za servomotor. -rezolucija mjerenja vla\u017ene temper.: 0,1oC;<br \/>\n-podru\u010dje mjerenja vla\u017ene temp.: od 0\u201399.9oC<br \/>\n&nbsp;<br \/>\n&nbsp;<br \/>\n<center><img decoding=\"async\" loading=\"lazy\" src=\"http:\/\/www.asel.hr\/wp-content\/uploads\/2015\/10\/separator-ads.jpg\" alt=\"separator-ads\" width=\"777\" height=\"10\" class=\"alignnone size-full wp-image-450\" srcset=\"https:\/\/asel.hr\/wp-content\/uploads\/2015\/10\/separator-ads.jpg 777w, https:\/\/asel.hr\/wp-content\/uploads\/2015\/10\/separator-ads-300x4.jpg 300w\" sizes=\"(max-width: 777px) 100vw, 777px\" \/><\/center><br \/>\n<b>HIGROMETAR HRV-1<\/b><br \/>\nZa mjerenje relativne vlage s mikroprocesorskim senzorom relativne vlage (s 5,0m kabela) -rezolucija mjerenja rel. vlage: 0,1%;<br \/>\n-podru\u010dje mjerenja relativne vlage: 0\u2013100%<br \/>\n&nbsp;<br \/>\n<center><img decoding=\"async\" loading=\"lazy\" src=\"http:\/\/www.asel.hr\/wp-content\/uploads\/2015\/10\/separator-ads.jpg\" alt=\"separator-ads\" width=\"777\" height=\"10\" class=\"alignnone size-full wp-image-450\" srcset=\"https:\/\/asel.hr\/wp-content\/uploads\/2015\/10\/separator-ads.jpg 777w, https:\/\/asel.hr\/wp-content\/uploads\/2015\/10\/separator-ads-300x4.jpg 300w\" sizes=\"(max-width: 777px) 100vw, 777px\" \/><\/center><br \/>\n&nbsp;<br \/>\n<b>HIGROSTAT HRV-2<\/b><br \/>\nZa regulaciju relativne vlage s mikroprocesorskim senzorom relativne vlage (s 5,0m kabela).<br \/>\nIma izlaze za servomotor<br \/>\n-rezolucija mjerenja rel. vlage: 0,1%;<br \/>\n-podru\u010dje mjerenja relativne vlage: 0\u2013100%<br \/>\n&nbsp;<br \/>\n<center><img decoding=\"async\" loading=\"lazy\" src=\"http:\/\/www.asel.hr\/wp-content\/uploads\/2015\/10\/separator-ads.jpg\" alt=\"separator-ads\" width=\"777\" height=\"10\" class=\"alignnone size-full wp-image-450\" srcset=\"https:\/\/asel.hr\/wp-content\/uploads\/2015\/10\/separator-ads.jpg 777w, https:\/\/asel.hr\/wp-content\/uploads\/2015\/10\/separator-ads-300x4.jpg 300w\" sizes=\"(max-width: 777px) 100vw, 777px\" \/><\/center><br \/>\n&nbsp;<br \/>\n<b>MJERA\u010c RELATIVNE VLAGE I TEMPERATURE MTV-1<\/b><br \/>\ns mikroprocesorskim senzorom relativne vlage (s 5,0m kabela)<br \/>\n-rezolucija mjerenja rel. vlage: 0,1%;<br \/>\n-rezolucija mjerenja temper.: 0,1oC<br \/>\n-podru\u010dje mjerenja relativne vlage: 0\u2013100%<br \/>\n&nbsp;<br \/>\n<center><img decoding=\"async\" loading=\"lazy\" src=\"http:\/\/www.asel.hr\/wp-content\/uploads\/2015\/10\/separator-ads.jpg\" alt=\"separator-ads\" width=\"777\" height=\"10\" class=\"alignnone size-full wp-image-450\" srcset=\"https:\/\/asel.hr\/wp-content\/uploads\/2015\/10\/separator-ads.jpg 777w, https:\/\/asel.hr\/wp-content\/uploads\/2015\/10\/separator-ads-300x4.jpg 300w\" sizes=\"(max-width: 777px) 100vw, 777px\" \/><\/center><br \/>\n&nbsp;<br \/>\n<b>REGULATOR RELATIVNE VLAGE I MJERA\u010c TEMPERATURE RTV-3<\/b><br \/>\ns mikroprocesorskim senzorom relativne vlage (s 5,0m kabela)<br \/>\nIma izlaze za servomotor.<br \/>\n-rezolucija mjerenja rel. vlage: 0,1%;<br \/>\n-rezolucija mjerenja suhe temper.: 0,1oC<br \/>\n-podru\u010dje mjerenja relativne vlage: 0\u2013100%<br \/>\n&nbsp;<\/p>\n","protected":false},"excerpt":{"rendered":"<p>DRUGI ELEKTRONI\u010cKI URE\u0110AJI &nbsp; &nbsp; &nbsp; HIGROMETAR HVT-1 Za mjerenje vla\u017ene temperature s senzorom temperature (s 5,0m kabela) -rezolucija mjerenja vla\u017ene temper.: 0,1oC; -podru\u010dje mjerenja vla\u017ene temp.: od 0\u201399.9oC &nbsp; &nbsp; HIGROSTAT HVT-2 Za regulaciju vla\u017ene temperature s senzorom temperature (s 5,0m kabela). Ima izlaze za servomotor. -rezolucija mjerenja vla\u017ene temper.: 0,1oC; -podru\u010dje mjerenja vla\u017ene [&hellip;]<\/p>\n","protected":false},"author":1,"featured_media":0,"parent":0,"menu_order":0,"comment_status":"closed","ping_status":"closed","template":"","meta":[],"_links":{"self":[{"href":"https:\/\/asel.hr\/index.php?rest_route=\/wp\/v2\/pages\/350"}],"collection":[{"href":"https:\/\/asel.hr\/index.php?rest_route=\/wp\/v2\/pages"}],"about":[{"href":"https:\/\/asel.hr\/index.php?rest_route=\/wp\/v2\/types\/page"}],"author":[{"embeddable":true,"href":"https:\/\/asel.hr\/index.php?rest_route=\/wp\/v2\/users\/1"}],"replies":[{"embeddable":true,"href":"https:\/\/asel.hr\/index.php?rest_route=%2Fwp%2Fv2%2Fcomments&post=350"}],"version-history":[{"count":14,"href":"https:\/\/asel.hr\/index.php?rest_route=\/wp\/v2\/pages\/350\/revisions"}],"predecessor-version":[{"id":1357,"href":"https:\/\/asel.hr\/index.php?rest_route=\/wp\/v2\/pages\/350\/revisions\/1357"}],"wp:attachment":[{"href":"https:\/\/asel.hr\/index.php?rest_route=%2Fwp%2Fv2%2Fmedia&parent=350"}],"curies":[{"name":"wp","href":"https:\/\/api.w.org\/{rel}","templated":true}]}}