{"id":341,"date":"2015-10-22T07:42:15","date_gmt":"2015-10-22T07:42:15","guid":{"rendered":"http:\/\/www.asel.hr\/?page_id=341"},"modified":"2017-07-03T06:16:12","modified_gmt":"2017-07-03T06:16:12","slug":"digitalni-progresivni-termostat","status":"publish","type":"page","link":"https:\/\/asel.hr\/?page_id=341","title":{"rendered":"DIGITALNI I PROGRESIVNI TERMOSTAT, HIGROSTAT (TDS, PT, PH)"},"content":{"rendered":"<h1>PROGRESIVNI TERMOSTAT PT-2<\/h1>\n<p>&nbsp;<br \/>\n&nbsp;<br \/>\n<center><img decoding=\"async\" loading=\"lazy\" src=\"http:\/\/www.asel.hr\/wp-content\/uploads\/2015\/10\/pt-2.jpg\" alt=\"pt-2\" width=\"200\" height=\"135\" class=\"alignnone size-full wp-image-342\" \/><\/center><br \/>\n&nbsp;<br \/>\nPT-2 je mikroprocesorski progresivni termostat univerzalne namjene. Na njega se mogu spojiti dva temperaturna senzora, jedan radni i drugi sigurnosni (protupo\u017earni).<br \/>\nNa osnovi programirane (po\u010detne T1 i krajnje T2) temperature i zadanog vremena vodi proces su\u0161enja duhana ili neke druge poljoprivredne kulture<br \/>\n&nbsp;<br \/>\nNapajanje: 230V\/ 50Hz<br \/>\nIZLAZ 1: max 3A\/250VAC<br \/>\nPotro\u0161nja: max. 2,6VA<br \/>\nMjerno podru\u010dje: 0-99.9\u00b0C (125\u00b0C).<br \/>\nRezolucija mjerenja temp.: 0,1\u00b0<br \/>\n&nbsp;<\/p>\n<h1>DIGITALNI TERMOSTAT TDS-2<\/h1>\n<p>&nbsp;<br \/>\n&nbsp;<br \/>\n<center><img decoding=\"async\" loading=\"lazy\" src=\"http:\/\/www.asel.hr\/wp-content\/uploads\/2015\/10\/td-2.jpg\" alt=\"td-2\" width=\"200\" height=\"131\" class=\"alignnone size-full wp-image-343\" \/><\/center><br \/>\n&nbsp;<br \/>\nTDS-2 je mikroprocesorski termostat sa digitalnim mjerenjem temperature od 0-99,9\u00b0C. Iako je univerzalne namjene, posebno je prilago\u0111en vo\u0111enju procesa su\u0161enja duhana. Na njega se mogu spojiti dva temperaturna senzora, jedan radni i drugi sigurnosni. Na osnovi mjerene i programirane (zadane) temperature vodi proces su\u0161enja duhana ili neke druge poljoprivredne kulture <\/p>\n<p>Power: 230V\/ 50Hz<br \/>\nOutput 1: max 3A\/250VAC<br \/>\nConsumption: max. 2,6VA<br \/>\nMeasuring range: 0-99.9 (125) Celsius.<br \/>\nResolution of measurement: 0,1<br \/>\n&nbsp;<\/p>\n<h1>PROGRESIVNI HIGROSTAT PH-2<\/h1>\n<p>&nbsp;<br \/>\n&nbsp;<br \/>\n&#8211; PH-2 je mikroprocesorski progresivni higrostat univerzalne namjene. Na osnovu programirane po\u010detne (RH1) i krajnje relativne vlage (RH2), te vremena (sati), ure\u0111aj otvaranjem i zatvaranjem zaklopki regulira relativnu vlagu u su\u0161ari ili drugom prostoru. Ure\u0111aj mjeri i temperature.<br \/>\n&nbsp;<br \/>\n<center><img decoding=\"async\" loading=\"lazy\" src=\"http:\/\/www.asel.hr\/wp-content\/uploads\/2015\/10\/PH2.jpg\" alt=\"PH2\" width=\"197\" height=\"231\" class=\"alignnone size-full wp-image-351\" \/><\/center><br \/>\n&nbsp;<br \/>\nomogu\u0107uje 2 na\u010dina rada:<br \/>\n-Automatski mod rada &#8211; ovom modu ure\u0111aj mjeri relativnu vlagu i temperaturu u su\u0161ari te vr\u0161i regulaciju relativne vlage<br \/>\n-Ru\u010dni mod rada &#8211; U ovom modu ure\u0111aj mjeri relativnu vlagu i temperaturu u su\u0161ari ali ne vr\u0161i regulaciju relativne vlage. Relativna vlaga se regulira ru\u010dnim otvaranjem zaklopki<br \/>\n&nbsp;<\/p>\n","protected":false},"excerpt":{"rendered":"<p>PROGRESIVNI TERMOSTAT PT-2 &nbsp; &nbsp; &nbsp; PT-2 je mikroprocesorski progresivni termostat univerzalne namjene. Na njega se mogu spojiti dva temperaturna senzora, jedan radni i drugi sigurnosni (protupo\u017earni). Na osnovi programirane (po\u010detne T1 i krajnje T2) temperature i zadanog vremena vodi proces su\u0161enja duhana ili neke druge poljoprivredne kulture &nbsp; Napajanje: 230V\/ 50Hz IZLAZ 1: max [&hellip;]<\/p>\n","protected":false},"author":1,"featured_media":0,"parent":0,"menu_order":0,"comment_status":"closed","ping_status":"closed","template":"","meta":[],"_links":{"self":[{"href":"https:\/\/asel.hr\/index.php?rest_route=\/wp\/v2\/pages\/341"}],"collection":[{"href":"https:\/\/asel.hr\/index.php?rest_route=\/wp\/v2\/pages"}],"about":[{"href":"https:\/\/asel.hr\/index.php?rest_route=\/wp\/v2\/types\/page"}],"author":[{"embeddable":true,"href":"https:\/\/asel.hr\/index.php?rest_route=\/wp\/v2\/users\/1"}],"replies":[{"embeddable":true,"href":"https:\/\/asel.hr\/index.php?rest_route=%2Fwp%2Fv2%2Fcomments&post=341"}],"version-history":[{"count":10,"href":"https:\/\/asel.hr\/index.php?rest_route=\/wp\/v2\/pages\/341\/revisions"}],"predecessor-version":[{"id":1359,"href":"https:\/\/asel.hr\/index.php?rest_route=\/wp\/v2\/pages\/341\/revisions\/1359"}],"wp:attachment":[{"href":"https:\/\/asel.hr\/index.php?rest_route=%2Fwp%2Fv2%2Fmedia&parent=341"}],"curies":[{"name":"wp","href":"https:\/\/api.w.org\/{rel}","templated":true}]}}