{"id":336,"date":"2015-10-22T07:33:55","date_gmt":"2015-10-22T07:33:55","guid":{"rendered":"http:\/\/www.asel.hr\/?page_id=336"},"modified":"2015-11-09T10:14:42","modified_gmt":"2015-11-09T10:14:42","slug":"uredaj-za-plastenike-pl2","status":"publish","type":"page","link":"https:\/\/asel.hr\/?page_id=336","title":{"rendered":"URE\u0110AJ ZA PLASTENIKE &#8211; PL2"},"content":{"rendered":"<h1>KONTROLER ZA PLASTENIKE<\/h1>\n<p>&nbsp;<br \/>\n&nbsp;<br \/>\n<center><img decoding=\"async\" loading=\"lazy\" src=\"http:\/\/www.asel.hr\/wp-content\/uploads\/2015\/10\/PL2-FRONT.jpg\" alt=\"PL2-FRONT\" width=\"200\" height=\"267\" class=\"alignnone size-full wp-image-337\" \/><\/center><br \/>\n&nbsp;<br \/>\nPL-2 je ure\u0111aj specijalno dizajniran za reguliranje temperature otvaranjem i zatvaranjem otvora u plastenicima.<br \/>\nKada je temperatura vi\u0161a od \u017eeljene (programirane) ure\u0111aj otvara otvore za provjetravanje (ako je otvaranje omogu\u0107eno).<br \/>\nKada je temperatura manja od \u017eeljene (programirane) ure\u0111aj zatvara otvore za provjetravanje (ako je zatvaranje omogu\u0107eno)<br \/>\n&nbsp;<br \/>\nTehni\u010dki podaci:<br \/>\n&nbsp;<br \/>\nNapajanje: -230V \/ 50Hz<br \/>\nPotro\u0161nja: -max. 2,6VA<br \/>\nza servo motor: -max 0,1A \/ 250VAC<br \/>\nUlazi:<br \/>\n&#8211; digitalni ulaz temperature od 0-5V DC<br \/>\n&#8211; digitalni ulaz brzine vjetra od 0-5V DC<br \/>\nMjerno podru\u010dje temperature: 0-99,9\u00b0 (125\u00b0)C<br \/>\nRezolucija mjerenja temperature: 0,1\u00b0C<br \/>\nNajdu\u017ei ciklus motora 255 sekundi<br \/>\nNajve\u0107a dozvoljena brzina vjetra 999 impulsa (okretaja) u minuti<br \/>\n&nbsp;<\/p>\n","protected":false},"excerpt":{"rendered":"<p>KONTROLER ZA PLASTENIKE &nbsp; &nbsp; &nbsp; PL-2 je ure\u0111aj specijalno dizajniran za reguliranje temperature otvaranjem i zatvaranjem otvora u plastenicima. Kada je temperatura vi\u0161a od \u017eeljene (programirane) ure\u0111aj otvara otvore za provjetravanje (ako je otvaranje omogu\u0107eno). Kada je temperatura manja od \u017eeljene (programirane) ure\u0111aj zatvara otvore za provjetravanje (ako je zatvaranje omogu\u0107eno) &nbsp; Tehni\u010dki podaci: [&hellip;]<\/p>\n","protected":false},"author":1,"featured_media":0,"parent":0,"menu_order":0,"comment_status":"closed","ping_status":"closed","template":"","meta":[],"_links":{"self":[{"href":"https:\/\/asel.hr\/index.php?rest_route=\/wp\/v2\/pages\/336"}],"collection":[{"href":"https:\/\/asel.hr\/index.php?rest_route=\/wp\/v2\/pages"}],"about":[{"href":"https:\/\/asel.hr\/index.php?rest_route=\/wp\/v2\/types\/page"}],"author":[{"embeddable":true,"href":"https:\/\/asel.hr\/index.php?rest_route=\/wp\/v2\/users\/1"}],"replies":[{"embeddable":true,"href":"https:\/\/asel.hr\/index.php?rest_route=%2Fwp%2Fv2%2Fcomments&post=336"}],"version-history":[{"count":3,"href":"https:\/\/asel.hr\/index.php?rest_route=\/wp\/v2\/pages\/336\/revisions"}],"predecessor-version":[{"id":695,"href":"https:\/\/asel.hr\/index.php?rest_route=\/wp\/v2\/pages\/336\/revisions\/695"}],"wp:attachment":[{"href":"https:\/\/asel.hr\/index.php?rest_route=%2Fwp%2Fv2%2Fmedia&parent=336"}],"curies":[{"name":"wp","href":"https:\/\/api.w.org\/{rel}","templated":true}]}}