{"id":330,"date":"2015-10-22T07:15:32","date_gmt":"2015-10-22T07:15:32","guid":{"rendered":"http:\/\/www.asel.hr\/?page_id=330"},"modified":"2015-11-09T10:13:47","modified_gmt":"2015-11-09T10:13:47","slug":"uredaj-za-plastenike-vita-flora-24","status":"publish","type":"page","link":"https:\/\/asel.hr\/?page_id=330","title":{"rendered":"URE\u0110AJ ZA PLASTENIKE &#8211; VITA FLORA 24"},"content":{"rendered":"<h1>KONTROLER ZA PLASTENIKE<\/h1>\n<p>&nbsp;<br \/>\n&nbsp;<br \/>\n<center><img decoding=\"async\" loading=\"lazy\" src=\"http:\/\/www.asel.hr\/wp-content\/uploads\/2015\/10\/V24_ALL.jpg\" alt=\"V24_ALL\" width=\"200\" height=\"188\" class=\"alignnone size-full wp-image-333\" \/><\/center><br \/>\n<b>VITAFLORA 24<\/b> je profesionalni ure\u0111aj prvenstveno namijenjen za upravljanje navodnjavanja preko korijena i prskanjem u staklenicima, plastenicima ili otvorenim poljima<br \/>\n&nbsp;<br \/>\nNiz dodatnih specijalnih funkcija \u010dine ga izuzetno prikladnim i korisnim jer rje\u0161ava i one funkcije za koje je do sada trebala razna druga oprema.<br \/>\n&nbsp;<br \/>\nUre\u0111aj ima 5 ulaza za priklju\u010denje senzora koji prate uvjete na nadziranoj povr\u0161ini (temperatura, vlaga, osvijetljenost,&#8230;) i 24 izlaza.<br \/>\nSvi se izlazi mogu koristiti za navodnjavanje.<br \/>\nIzlaze od 17 do 24 korisnik mo\u017ee programirati za specijalne namjene kao \u0161to su: pumpa za vodu, grija\u010di, umjetna rasvjeta, otvaranje i zatvaranje otvora za prozra\u010divanje, ventilacija, zamagljiva\u010di.<br \/>\n&nbsp;<\/p>\n<table border=\"0\" width=\"100%\">\n<tbody>\n<tr>\n<td width=\"44%\"><strong>Tehni\u010dke karakteristike <\/strong><\/p>\n<p>\u00b7 Napajanje<br \/>\nPriklju\u010dna snaga<br \/>\nUkupni broj izlaza<br \/>\nTip izlaza<br \/>\nBroj ulaza<br \/>\nTip ulaza<br \/>\nZa\u0161tita ure\u0111aja<br \/>\nNapajanje sata<br \/>\nBroj programa<br \/>\nNajvi\u0161e uklju\u010denja<br \/>\nTrajanje ciklusa<br \/>\nMaksimalni broj uklju\u010denih stanica &#8211; istovremeno<\/td>\n<td width=\"56%\">&nbsp;<\/p>\n<p>230V 50Hz<br \/>\n60W<br \/>\n24<br \/>\nRelejni, 24V AC (izmjeni\u010dno)do 0,25A<br \/>\n5<br \/>\n0-5V<br \/>\nTemperaturna i prekostrujna<br \/>\nUgra\u0111eni akumulator 3,6V 65mAh<br \/>\n10<br \/>\n12 po programu na dan<br \/>\nod 1 do 31 dan sa ili bez ponavljanja<br \/>\n10<\/td>\n<\/tr>\n<\/tbody>\n<\/table>\n<p>&nbsp;<\/p>\n","protected":false},"excerpt":{"rendered":"<p>KONTROLER ZA PLASTENIKE &nbsp; &nbsp; VITAFLORA 24 je profesionalni ure\u0111aj prvenstveno namijenjen za upravljanje navodnjavanja preko korijena i prskanjem u staklenicima, plastenicima ili otvorenim poljima &nbsp; Niz dodatnih specijalnih funkcija \u010dine ga izuzetno prikladnim i korisnim jer rje\u0161ava i one funkcije za koje je do sada trebala razna druga oprema. &nbsp; Ure\u0111aj ima 5 ulaza [&hellip;]<\/p>\n","protected":false},"author":1,"featured_media":0,"parent":0,"menu_order":0,"comment_status":"closed","ping_status":"closed","template":"","meta":[],"_links":{"self":[{"href":"https:\/\/asel.hr\/index.php?rest_route=\/wp\/v2\/pages\/330"}],"collection":[{"href":"https:\/\/asel.hr\/index.php?rest_route=\/wp\/v2\/pages"}],"about":[{"href":"https:\/\/asel.hr\/index.php?rest_route=\/wp\/v2\/types\/page"}],"author":[{"embeddable":true,"href":"https:\/\/asel.hr\/index.php?rest_route=\/wp\/v2\/users\/1"}],"replies":[{"embeddable":true,"href":"https:\/\/asel.hr\/index.php?rest_route=%2Fwp%2Fv2%2Fcomments&post=330"}],"version-history":[{"count":4,"href":"https:\/\/asel.hr\/index.php?rest_route=\/wp\/v2\/pages\/330\/revisions"}],"predecessor-version":[{"id":694,"href":"https:\/\/asel.hr\/index.php?rest_route=\/wp\/v2\/pages\/330\/revisions\/694"}],"wp:attachment":[{"href":"https:\/\/asel.hr\/index.php?rest_route=%2Fwp%2Fv2%2Fmedia&parent=330"}],"curies":[{"name":"wp","href":"https:\/\/api.w.org\/{rel}","templated":true}]}}