{"id":326,"date":"2015-10-22T07:01:42","date_gmt":"2015-10-22T07:01:42","guid":{"rendered":"http:\/\/www.asel.hr\/?page_id=326"},"modified":"2015-10-22T07:05:26","modified_gmt":"2015-10-22T07:05:26","slug":"uredaj-za-pracenje-u-protocnim-pecima","status":"publish","type":"page","link":"https:\/\/asel.hr\/?page_id=326","title":{"rendered":"URE\u0110AJ ZA PRA\u0106ENJE U PROTO\u010cNIM PE\u0106IMA"},"content":{"rendered":"<h1>OC 3 &#8211; Ure\u0111aj za pra\u0107enje u proto\u010dnim pe\u0107ima<\/h1>\n<p>&nbsp;<\/p>\n<p style=\"text-align: center;\">Ovaj ure\u0111aj je implementiran u postoje\u0107u proto\u010dnu pe\u0107. OC-3 sprema informacije o tri zone temperature, brzinu trake u stvarnom vremenu i trenutni broj radnog naloga u va\u0161e ra\u010dunalo.<\/p>\n<p style=\"text-align: center;\">Dobiveni rezultati mogu se pregledavati prema upitima (npr. datumu, broju radnog naloga, vremenu, itd.) i isprintati u obliku certifikata koje mo\u017eete poslati va\u0161em kupcu.<\/p>\n<p style=\"text-align: center;\">Rad sa ovim ure\u0111ajem je veoma pojednostavljeno. Skenirajte novi radni nalog preko barkod \u010dita\u010da. Tada, mjerene i spremljene vrijednosti bit \u0107e pridru\u017eene tom radnom nalogu.<\/p>\n<p style=\"text-align: center;\">Mogu\u0107e je pra\u0107enje vi\u0161e radnji u pe\u0107i u isto vrijeme. Ako imate bazu radnih naloga u ra\u010dunalu, na\u0161 Windows program \u0107e preuzeti potrebne informacije za printanje certifikata<\/p>\n<p style=\"text-align: center;\">&#8211; Modifikacije prema Va\u0161im potrebama su mogu\u0107e<\/p>\n<p style=\"text-align: center;\">&#8211; Kontaktirajte nas za dodatne informacije<\/p>\n<p>[gmedia id=20]<\/p>\n","protected":false},"excerpt":{"rendered":"<p>OC 3 &#8211; Ure\u0111aj za pra\u0107enje u proto\u010dnim pe\u0107ima &nbsp; Ovaj ure\u0111aj je implementiran u postoje\u0107u proto\u010dnu pe\u0107. OC-3 sprema informacije o tri zone temperature, brzinu trake u stvarnom vremenu i trenutni broj radnog naloga u va\u0161e ra\u010dunalo. Dobiveni rezultati mogu se pregledavati prema upitima (npr. datumu, broju radnog naloga, vremenu, itd.) i isprintati u [&hellip;]<\/p>\n","protected":false},"author":1,"featured_media":0,"parent":0,"menu_order":0,"comment_status":"closed","ping_status":"closed","template":"","meta":[],"_links":{"self":[{"href":"https:\/\/asel.hr\/index.php?rest_route=\/wp\/v2\/pages\/326"}],"collection":[{"href":"https:\/\/asel.hr\/index.php?rest_route=\/wp\/v2\/pages"}],"about":[{"href":"https:\/\/asel.hr\/index.php?rest_route=\/wp\/v2\/types\/page"}],"author":[{"embeddable":true,"href":"https:\/\/asel.hr\/index.php?rest_route=\/wp\/v2\/users\/1"}],"replies":[{"embeddable":true,"href":"https:\/\/asel.hr\/index.php?rest_route=%2Fwp%2Fv2%2Fcomments&post=326"}],"version-history":[{"count":2,"href":"https:\/\/asel.hr\/index.php?rest_route=\/wp\/v2\/pages\/326\/revisions"}],"predecessor-version":[{"id":329,"href":"https:\/\/asel.hr\/index.php?rest_route=\/wp\/v2\/pages\/326\/revisions\/329"}],"wp:attachment":[{"href":"https:\/\/asel.hr\/index.php?rest_route=%2Fwp%2Fv2%2Fmedia&parent=326"}],"curies":[{"name":"wp","href":"https:\/\/api.w.org\/{rel}","templated":true}]}}