{"id":313,"date":"2015-10-22T05:43:13","date_gmt":"2015-10-22T05:43:13","guid":{"rendered":"http:\/\/www.asel.hr\/?page_id=313"},"modified":"2015-10-30T06:31:32","modified_gmt":"2015-10-30T06:31:32","slug":"uredaji-za-regulaciju-mikroklime-na-farmama","status":"publish","type":"page","link":"https:\/\/asel.hr\/?page_id=313","title":{"rendered":"URE\u0110AJI ZA REGULACIJU MIKROKLIME NA FARMAMA"},"content":{"rendered":"<h1>URE\u0110AJI ZA REGULACIJU MIKROKLIME NA FARMAMA<br \/>\nUNIFARM 05-03-02<\/h1>\n<p>&nbsp;<br \/>\n&nbsp;<br \/>\n<center><\/p>\n<table>\n<tbody>\n<tr>\n<td><img decoding=\"async\" loading=\"lazy\" class=\"alignnone size-full wp-image-315\" src=\"http:\/\/www.asel.hr\/wp-content\/uploads\/2015\/10\/unifarm5.jpg\" alt=\"unifarm5\" width=\"150\" height=\"200\" \/><\/td>\n<td><img decoding=\"async\" loading=\"lazy\" class=\"alignnone size-full wp-image-316\" src=\"http:\/\/www.asel.hr\/wp-content\/uploads\/2015\/10\/Unifarm5osig.jpg\" alt=\"Unifarm5osig\" width=\"131\" height=\"214\" \/><\/td>\n<td><img decoding=\"async\" loading=\"lazy\" class=\"alignnone size-full wp-image-314\" src=\"http:\/\/www.asel.hr\/wp-content\/uploads\/2015\/10\/unifarm2-3.jpg\" alt=\"unifarm2-3\" width=\"140\" height=\"197\" \/><\/td>\n<\/tr>\n<\/tbody>\n<\/table>\n<p><\/center><br \/>\n&nbsp;<\/p>\n<p style=\"text-align: center;\"><b>UNIFARM 05<\/b><\/p>\n<p>&nbsp;<\/p>\n<p style=\"text-align: center;\">&#8211; ure\u0111aj za regulaciju mikroklime na farmama<br \/>\n(svinjogojstva, govedarstva, peradarstva, itd.)<br \/>\nRegulira relativnu vlagu, temperaturu zraka,<br \/>\ntemperaturu podnih plo\u010da, ventiliranje zraka&#8230;<br \/>\ndaljinsko mjerenje i dojava kvara<br \/>\n&nbsp;<br \/>\n<b>Tehni\u010dke karakteristike:<\/b><br \/>\n&#8211; mjerenje temperature grija\u0107ih plo\u010da lijevih i desnih boksova (rez. =0,1\u00b0C)<br \/>\n&#8211; mjerenje temperature zraka u prostoriji (rez. =0,1\u00b0C)<br \/>\n&#8211; mjerenje relativne vlage u prostoriji sa mikroproc.senzorom relativne vlage (rez. =0,1%)<br \/>\n&#8211; regulacija temperature grija\u0107ih plo\u010da, lijeva i desna strana, sa mogu\u0107no\u0161\u0107u selektiranja punih-praznih boksova ru\u010dnim uklju\u010denjem\/isklju\u010denjem grija\u0107ih plo\u010da, ugra\u0111ena prekostrujna za\u0161tita grija\u0107ih plo\u010da svakog boksa<br \/>\n&#8211; regulacija temperature zraka (izlaz na rednoj stezaljci za ventil ili motor usisa zraka ili grija\u010d zraka)<br \/>\n&#8211; automatska ili ru\u010dna regulacija brzine vrtnje ventilatora 1-100% (rez 1%), unos preko tastature<br \/>\n&#8211; ru\u010dna regulacija brzine vrtnje ventilatora sa potenciometrom ugra\u0111enim na prednju plo\u010du ure\u0111aja<br \/>\n&#8211; ugra\u0111en alarm<br \/>\n&#8211; izlaz za vanjski alarm<br \/>\n&#8211; folijska tastatura<br \/>\n&#8211; ure\u0111aj se mo\u017ee nadograditi za upravljanje iz centralnog mjesta<br \/>\n&#8211; prekostrujna za\u0161tita ure\u0111aja i frekvencijskog regulatora<br \/>\n&#8211; nad\u017ebukna kutija sa glavnom sklopkom, prekida\u010dem za izbor ru\u010dnog ili automatskog odre\u0111ivanja brzine vrtnje ventilatora, ekranom \u010ditljivim i u mraku ( sa \u0161tednim modom), rednim stezaljkama za vanjske elemente<\/p>\n<p>&nbsp;<\/p>\n<p style=\"text-align: center;\"><b>UNIFARM-03<\/b><\/p>\n<p>&nbsp;<\/p>\n<p style=\"text-align: center; font-style: bold;\"><b>Tehni\u010dke karakteristike:<\/b><\/p>\n<p style=\"text-align: center;\">&#8211; mjerenje temperature zraka u prostoriji (rez. =0,1\u00b0C)<br \/>\n&#8211; regulacija temperature zraka (izlaz na rednoj stezaljci za ventil ili motor usisa zraka ili grija\u010d zraka)<br \/>\n&#8211; automatska ili ru\u010dna regulacija brzine vrtnje ventilatora 1-100% (rez 1%), unos preko tastature<br \/>\n&#8211; ru\u010dna regulacija brzine vrtnje ventilatora sa potenciometrom ugra\u0111enim na prednju plo\u010du ure\u0111aja<br \/>\n&#8211; ugra\u0111en alarm<br \/>\n&#8211; izlaz za vanjski alarm<br \/>\n&#8211; folijska tastatura<br \/>\n&#8211; ure\u0111aj se mo\u017ee nadograditi za upravljanje iz centralnog mjesta<br \/>\n&#8211; prekostrujna za\u0161tita ure\u0111aja i frekvencijskog regulatora<br \/>\n&#8211; nad\u017ebukna kutija sa glavnom sklopkom, prekida\u010dem za izbor ru\u010dnog ili automatskog odre\u0111ivanja brzine vrtnje ventilatora, ekranom \u010ditljivim i u mraku ( sa \u0161tednim modom), rednim stezaljkama za vanjske elemente<\/p>\n<p>&nbsp;<\/p>\n<p style=\"text-align: center;\"><b>UNIFARM-02<\/b><\/p>\n<p>&nbsp;<\/p>\n<p style=\"text-align: center;\"><b>Tehni\u010dke karakteristike:<\/b><br \/>\n&#8211; mjerenje temperature zraka u prostoriji (rez. =0,1\u00b0C)<br \/>\n&#8211; automatska ili ru\u010dna regulacija brzine vrtnje ventilatora 1-100% (rez 1%), unos preko tastature<br \/>\n&#8211; ru\u010dna regulacija brzine vrtnje ventilatora sa potenciometrom ugra\u0111enim na prednju plo\u010du ure\u0111aja<br \/>\n&#8211; ugra\u0111en alarm<br \/>\n&#8211; izlaz za vanjski alarm<br \/>\n&#8211; folijska tastatura<br \/>\n&#8211; ure\u0111aj se mo\u017ee nadograditi za upravljanje iz centralnog mjesta<br \/>\n&#8211; prekostrujna za\u0161tita ure\u0111aja i frekvencijskog regulatora<br \/>\n&#8211; nad\u017ebukna kutija sa glavnom sklopkom, prekida\u010dem za izbor ru\u010dnog ili automatskog odre\u0111ivanja brzine vrtnje ventilatora, ekranom \u010ditljivim i u mraku ( sa \u0161tednim modom), rednim stezaljkama za vanjske elemente<\/p>\n<p>&nbsp;<\/p>\n","protected":false},"excerpt":{"rendered":"<p>URE\u0110AJI ZA REGULACIJU MIKROKLIME NA FARMAMA UNIFARM 05-03-02 &nbsp; &nbsp; &nbsp; UNIFARM 05 &nbsp; &#8211; ure\u0111aj za regulaciju mikroklime na farmama (svinjogojstva, govedarstva, peradarstva, itd.) Regulira relativnu vlagu, temperaturu zraka, temperaturu podnih plo\u010da, ventiliranje zraka&#8230; daljinsko mjerenje i dojava kvara &nbsp; Tehni\u010dke karakteristike: &#8211; mjerenje temperature grija\u0107ih plo\u010da lijevih i desnih boksova (rez. =0,1\u00b0C) &#8211; [&hellip;]<\/p>\n","protected":false},"author":1,"featured_media":0,"parent":0,"menu_order":0,"comment_status":"closed","ping_status":"closed","template":"","meta":[],"_links":{"self":[{"href":"https:\/\/asel.hr\/index.php?rest_route=\/wp\/v2\/pages\/313"}],"collection":[{"href":"https:\/\/asel.hr\/index.php?rest_route=\/wp\/v2\/pages"}],"about":[{"href":"https:\/\/asel.hr\/index.php?rest_route=\/wp\/v2\/types\/page"}],"author":[{"embeddable":true,"href":"https:\/\/asel.hr\/index.php?rest_route=\/wp\/v2\/users\/1"}],"replies":[{"embeddable":true,"href":"https:\/\/asel.hr\/index.php?rest_route=%2Fwp%2Fv2%2Fcomments&post=313"}],"version-history":[{"count":8,"href":"https:\/\/asel.hr\/index.php?rest_route=\/wp\/v2\/pages\/313\/revisions"}],"predecessor-version":[{"id":319,"href":"https:\/\/asel.hr\/index.php?rest_route=\/wp\/v2\/pages\/313\/revisions\/319"}],"wp:attachment":[{"href":"https:\/\/asel.hr\/index.php?rest_route=%2Fwp%2Fv2%2Fmedia&parent=313"}],"curies":[{"name":"wp","href":"https:\/\/api.w.org\/{rel}","templated":true}]}}