{"id":304,"date":"2015-10-21T10:58:25","date_gmt":"2015-10-21T10:58:25","guid":{"rendered":"http:\/\/www.asel.hr\/?page_id=304"},"modified":"2017-07-03T11:06:08","modified_gmt":"2017-07-03T11:06:08","slug":"automatika-za-susenje-duhana-voca-povrca-gljiva-tjestenine","status":"publish","type":"page","link":"https:\/\/asel.hr\/?page_id=304","title":{"rendered":"AUTOMATIKA ZA SU\u0160ENJE DUHANA, VO\u0106A, POVR\u0106A, GLJIVA, TJESTENINE&#8230;"},"content":{"rendered":"<h1>AUTOMATIKA ZA SU\u0160ENJE DUHANA<br \/>\nTOBACCO-4S<\/h1>\n<p>&nbsp;<br \/>\n<center><br \/>\n<img decoding=\"async\" loading=\"lazy\" class=\"alignnone size-full wp-image-307\" src=\"http:\/\/asel.hr\/wp-content\/uploads\/2017\/07\/1.jpg\" alt=\"TOB-4A-ALLM\" width=\"200\" height=\"152\" \/>&nbsp;&nbsp;&nbsp;&nbsp;&nbsp;&nbsp;&nbsp;&nbsp;&nbsp;&nbsp;&nbsp;&nbsp;&nbsp;&nbsp;<img decoding=\"async\" loading=\"lazy\" class=\"alignnone size-full wp-image-308\" src=\"http:\/\/www.asel.hr\/wp-content\/uploads\/2015\/10\/TOB-4A-ALLM.jpg\" alt=\"TOB-41-1m\" width=\"200\" height=\"150\" \/><\/center><br \/>\n&nbsp;<\/p>\n<p style=\"text-align: center;\">Automatika Tobacco 4s namjenjena je za rad sa podr\u0161kom solarnog sistema \u0161to doprinosi poveliku u\u0161tedu energenata za su\u0161enje. <\/p>\n<p><center><a href=\"http:\/\/asel.hr\/?page_id=1360\">Solarne su\u0161are<\/a><\/center><\/p>\n<p style=\"text-align: center;\">Specijalno dizajniran za proces su\u0161enja duhana. Mjeri suhu i vla\u017enu temperaturu ili relativnu vlagu (podru\u010dje 0% &#8211; 100%) u su\u0161arama i regulira ih izlazima za uljne ili plinske gorionike i servo motorima kojima otvara ili zatvara zaklopke te posjeduje izlaz koji se spaja za alarm. TOBACCO-4A ure\u0111aj provjerava sam sebe i sve vitalne dijelove su\u0161are.<br \/>\nProgram za su\u0161enje se sastoji od devet programabilnih to\u010daka (vrijeme, suha i vla\u017ena temperatura). Tobbacco-4a se mo\u017ee koristiti za proces su\u0161enja i drugih poljoprivrednih proizvoda (vo\u0107a, povr\u0107a, kamilice, mentola, bazge, &#8230;)mjere\u0107i relativnu vlagu: opseg 0 &#8211; 100%.<\/p>\n<p>&nbsp;<\/p>\n<h1>AUTOMATIKA ZA SU\u0160ENJE DUHANA<br \/>\nTOBACCO-4A<\/h1>\n<p>&nbsp;<br \/>\n<center><br \/>\n<img decoding=\"async\" loading=\"lazy\" class=\"alignnone size-full wp-image-307\" src=\"http:\/\/www.asel.hr\/wp-content\/uploads\/2015\/10\/TOB-4A-ALLM.jpg\" alt=\"TOB-4A-ALLM\" width=\"200\" height=\"152\" \/>&nbsp;&nbsp;&nbsp;&nbsp;&nbsp;&nbsp;&nbsp;&nbsp;&nbsp;&nbsp;&nbsp;&nbsp;&nbsp;&nbsp;<img decoding=\"async\" loading=\"lazy\" class=\"alignnone size-full wp-image-308\" src=\"http:\/\/www.asel.hr\/wp-content\/uploads\/2015\/10\/TOB-41-1m.jpg\" alt=\"TOB-41-1m\" width=\"200\" height=\"150\" \/><\/center><br \/>\n&nbsp;<\/p>\n<p style=\"text-align: center;\">Automatika Tobacco 4a namjenjena je za rad bez podr\u0161ke solarnog sistem. <\/p>\n<p style=\"text-align: center;\">Specijalno dizajniran za proces su\u0161enja duhana. Mjeri suhu i vla\u017enu temperaturu ili relativnu vlagu (podru\u010dje 0% &#8211; 100%) u su\u0161arama i regulira ih izlazima za uljne ili plinske gorionike i servo motorima kojima otvara ili zatvara zaklopke te posjeduje izlaz koji se spaja za alarm. TOBACCO-4A ure\u0111aj provjerava sam sebe i sve vitalne dijelove su\u0161are.<br \/>\nProgram za su\u0161enje se sastoji od devet programabilnih to\u010daka (vrijeme, suha i vla\u017ena temperatura). Tobbacco-4a se mo\u017ee koristiti za proces su\u0161enja i drugih poljoprivrednih proizvoda (vo\u0107a, povr\u0107a, kamilice, mentola, bazge, &#8230;)mjere\u0107i relativnu vlagu: opseg 0 &#8211; 100%.<\/p>\n<p>&nbsp;<\/p>\n<h1>TOBBACCO-4A wireless<\/h1>\n<p>&nbsp;<\/p>\n<p style=\"text-align: center;\"><img decoding=\"async\" loading=\"lazy\" class=\"alignnone size-medium wp-image-305\" src=\"http:\/\/www.asel.hr\/wp-content\/uploads\/2015\/10\/tobbacco-wireless.-300x210.jpg\" alt=\"tobbacco wireless.\" width=\"300\" height=\"210\" srcset=\"https:\/\/asel.hr\/wp-content\/uploads\/2015\/10\/tobbacco-wireless.-300x210.jpg 300w, https:\/\/asel.hr\/wp-content\/uploads\/2015\/10\/tobbacco-wireless..jpg 486w\" sizes=\"(max-width: 300px) 100vw, 300px\" \/><\/p>\n<p style=\"text-align: center;\">Ure\u0111aj koji kontrolira su\u0161enje duhana, radi na istom principu kao gore navedeni Tobbaco-4a. Razlika je u tome \u0161to je razvijena nova tehnologija sa be\u017ei\u010dnom komunikacijom u automatici Tobacco 4a. Radi se o be\u017ei\u010dnoj kontroli i pra\u0107enju svih su\u0161ara na planta\u017ei putem ra\u010dunala tako \u0161to je Tobacco-4a spojen sa be\u017ei\u010dnim modulom koji \u0161alje podatke o su\u0161ari na ra\u010dunalo. Ra\u010dunalo u realnom vremenu obra\u0111uje podatke kroz cijeli proces su\u0161enja . Ukoliko se na nekim su\u0161arama javi bilo kakva gre\u0161ka ra\u010dunalo dojavi vlasniku putem SMS-a s porukom o kakvoj je gre\u0161ci rije\u010d.<br \/>\nMogu\u0107nost naknadnog pregleda povijesti procesa su\u0161enja kroz dijagram ili numeri\u010dki zapis te ispis certifikata.<\/p>\n<p>&nbsp;<\/p>\n<h1>URE\u0110AJ ZA SU\u0160ENJE VO\u0106A, POVR\u0106A, GLJIVA I TJESTENINA &#8230;<br \/>\nSUVOPO-6<\/h1>\n<p>&nbsp;<\/p>\n<p style=\"text-align: center;\"><img decoding=\"async\" loading=\"lazy\" class=\"alignnone size-full wp-image-306\" src=\"http:\/\/www.asel.hr\/wp-content\/uploads\/2015\/10\/suvopo6.jpg\" alt=\"suvopo6\" width=\"200\" height=\"267\" \/><\/p>\n<p style=\"text-align: center;\">Ure\u0111aj je specijalno dizajniran za automatsko reguliranje i vo\u0111enje procesa su\u0161enja vo\u0107a i povr\u0107a, gljiva, tjestenina na osnovu zadanog programa i mjerenja temperature i vlage u su\u0161nici. Ure\u0111aj kontrolira vlastitu ispravnost i ispravnost svih vitalnih dijelova su\u0161are. Na detekciju gre\u0161ke alarmira vizualno i akusti\u010dki.<\/p>\n","protected":false},"excerpt":{"rendered":"<p>AUTOMATIKA ZA SU\u0160ENJE DUHANA TOBACCO-4S &nbsp; &nbsp;&nbsp;&nbsp;&nbsp;&nbsp;&nbsp;&nbsp;&nbsp;&nbsp;&nbsp;&nbsp;&nbsp;&nbsp;&nbsp; &nbsp; Automatika Tobacco 4s namjenjena je za rad sa podr\u0161kom solarnog sistema \u0161to doprinosi poveliku u\u0161tedu energenata za su\u0161enje. Solarne su\u0161are Specijalno dizajniran za proces su\u0161enja duhana. Mjeri suhu i vla\u017enu temperaturu ili relativnu vlagu (podru\u010dje 0% &#8211; 100%) u su\u0161arama i regulira ih izlazima za uljne ili [&hellip;]<\/p>\n","protected":false},"author":1,"featured_media":0,"parent":0,"menu_order":0,"comment_status":"closed","ping_status":"closed","template":"","meta":[],"_links":{"self":[{"href":"https:\/\/asel.hr\/index.php?rest_route=\/wp\/v2\/pages\/304"}],"collection":[{"href":"https:\/\/asel.hr\/index.php?rest_route=\/wp\/v2\/pages"}],"about":[{"href":"https:\/\/asel.hr\/index.php?rest_route=\/wp\/v2\/types\/page"}],"author":[{"embeddable":true,"href":"https:\/\/asel.hr\/index.php?rest_route=\/wp\/v2\/users\/1"}],"replies":[{"embeddable":true,"href":"https:\/\/asel.hr\/index.php?rest_route=%2Fwp%2Fv2%2Fcomments&post=304"}],"version-history":[{"count":10,"href":"https:\/\/asel.hr\/index.php?rest_route=\/wp\/v2\/pages\/304\/revisions"}],"predecessor-version":[{"id":1377,"href":"https:\/\/asel.hr\/index.php?rest_route=\/wp\/v2\/pages\/304\/revisions\/1377"}],"wp:attachment":[{"href":"https:\/\/asel.hr\/index.php?rest_route=%2Fwp%2Fv2%2Fmedia&parent=304"}],"curies":[{"name":"wp","href":"https:\/\/api.w.org\/{rel}","templated":true}]}}