{"id":1410,"date":"2017-07-31T04:58:34","date_gmt":"2017-07-31T04:58:34","guid":{"rendered":"http:\/\/asel.hr\/?page_id=1410"},"modified":"2018-06-30T10:27:26","modified_gmt":"2018-06-30T10:27:26","slug":"frekventni-pretvaraci","status":"publish","type":"page","link":"https:\/\/asel.hr\/?page_id=1410","title":{"rendered":"FREKVENTNI PRETVARA\u010cI"},"content":{"rendered":"<h1>FREKVENTNI PRETVARA\u010cI<\/h1>\n<p><center><img decoding=\"async\" loading=\"lazy\" src=\"http:\/\/asel.hr\/wp-content\/uploads\/2017\/07\/EM11-all-photoes_s.jpg\" alt=\"mikroskopi\" width=\"400\" height=\"400\" class=\"alignnone size-full wp-image-945\" \/><\/center><\/p>\n<p style=\"text-align: center;\">Veoma kvalitetni Frekventni pretvara\u010di, najjeftiniji u RH.<br \/>\nEM11 je izvrstan pretvara\u010d frekvencije s vrlo sna\u017enim softverom i hardverom. Ima zna\u010dajke servo pogona sa savr\u0161enom na\u010dinu regulacije brzine vrtnje i izvrsne kontrole momenta. Mo\u017ee memorirati 2 grupe motornih parametara, a mo\u017ee pogoniti sinkrone motor i asinkrone motore.<\/p>\n<p style=\"text-align: center;\">Mo\u017ee raditi u:<br \/>\n&#8211; Bez senzorskom vektorskom modu (SVC),<br \/>\n&#8211; vektorskom modu + PG;<br \/>\n&#8211; V \/ F modu (naponsko \/frekventnom)<br \/>\n&#8211; i u odvojenom modu napona i frekvencije<\/p>\n<p style=\"text-align: center;\">Ima 49 vrsta digitalnih ulaznih funkcija i 38 vrsta digitalnih izlaznih funkcija, te kvalitetnu S krivulju u modu ubrzanja i usporavanja. Korisnik mo\u017ee samostalno definirati S parametre. IGBT nosa\u010d frekvencije se mo\u017ee automatski pode\u0161avati prema temperaturi hladnjaka. 35 vrsta funkcija za\u0161tite, uklju\u010duju\u0107i auto otkrivanje kratkog spoja nakon uklju\u010divanja.<\/p>\n<p style=\"text-align: center;\">-Raspon napona: 220 V ~ 240V; 380V ~ 460V.<br \/>\n-Raspon ulazne frekvencije: 45 ~ 65Hz.<br \/>\n-Izlazni napon Raspon: 0V do nazivnog ulaznog napona<br \/>\n-Izlazni Frekventni opseg: V \/ F (0- 600Hz); VectorControl (0 &#8211; 300Hz)<br \/>\n-Kapacitet preoptere\u0107enja: 60 s 150% nazivne struje, 3s sa 180% nazivne struje<br \/>\n-Od 0,75 &#8211; 7.5KW plasti\u010dno ku\u0107i\u0161te; 11 &#8211; 400KW metalno ku\u0107i\u0161te<br \/>\n-To\u010dnost brzine: \u00b1 0,5% (SVC); \u00b1 0,02% (VC)<br \/>\n-Frekvencija ulaznog signala: 0Khz &#8211; 100kHz<br \/>\n-U svim modelima ugra\u0111ena RS485 kartice<br \/>\n&#8211; CE deklaracija<br \/>\n-EM11-G3 \/ P3 modeli sa integriranim IGBT<br \/>\n-Omjer kvar 0,1% u roku od 18 mjeseci<\/p>\n<p style=\"text-align: center;\">-jedan multifunkcijski analogni ulaz i drugi Analogni ulaz 0-10V ili 0\/4-20mA<br \/>\n-analogni izlaz 0-10V i drugi analogni izlaz 0-10V ili 0\/4-20mA<br \/>\n-3 relejna izlaza<br \/>\n-2 multifunkcijska kolektorska izlaza<br \/>\n-6 multifunkcijska digitalnih ulaza<\/p>\n<p>&nbsp;<\/p>\n<table align=\"center\">\n<tbody>\n<tr>\n<td><a href=\"http:\/\/www.asel.hr\/wp-content\/uploads\/2015\/11\/CoC2.jpg\"><img decoding=\"async\" loading=\"lazy\" class=\"alignnone size-medium wp-image-533\" src=\"http:\/\/www.asel.hr\/wp-content\/uploads\/2015\/11\/CoC2-205x300.jpg\" alt=\"CoC2\" width=\"205\" height=\"300\" srcset=\"https:\/\/asel.hr\/wp-content\/uploads\/2015\/11\/CoC2-205x300.jpg 205w, https:\/\/asel.hr\/wp-content\/uploads\/2015\/11\/CoC2-699x1024.jpg 699w, https:\/\/asel.hr\/wp-content\/uploads\/2015\/11\/CoC2.jpg 1470w\" sizes=\"(max-width: 205px) 100vw, 205px\" \/><\/a><\/td>\n<td><a href=\"http:\/\/www.asel.hr\/wp-content\/uploads\/2015\/11\/CoC.jpg\"><img decoding=\"async\" loading=\"lazy\" class=\"alignnone size-medium wp-image-532\" src=\"http:\/\/www.asel.hr\/wp-content\/uploads\/2015\/11\/CoC-202x300.jpg\" alt=\"CoC\" width=\"202\" height=\"300\" srcset=\"https:\/\/asel.hr\/wp-content\/uploads\/2015\/11\/CoC-202x300.jpg 202w, https:\/\/asel.hr\/wp-content\/uploads\/2015\/11\/CoC-689x1024.jpg 689w, https:\/\/asel.hr\/wp-content\/uploads\/2015\/11\/CoC.jpg 1458w\" sizes=\"(max-width: 202px) 100vw, 202px\" \/><\/a><\/td>\n<\/tr>\n<\/tbody>\n<\/table>\n<p>&nbsp;<br \/>\n<center><font size=\"3\">Detaljnije o ponudama i cijenama posjetite na\u0161u internet trgovinu na ovom <a href=\"http:\/\/asel.hr\/webshop\/\">linku<\/a><\/font><\/center><br \/>\n&nbsp;<\/p>\n","protected":false},"excerpt":{"rendered":"<p>FREKVENTNI PRETVARA\u010cI Veoma kvalitetni Frekventni pretvara\u010di, najjeftiniji u RH. EM11 je izvrstan pretvara\u010d frekvencije s vrlo sna\u017enim softverom i hardverom. Ima zna\u010dajke servo pogona sa savr\u0161enom na\u010dinu regulacije brzine vrtnje i izvrsne kontrole momenta. Mo\u017ee memorirati 2 grupe motornih parametara, a mo\u017ee pogoniti sinkrone motor i asinkrone motore. Mo\u017ee raditi u: &#8211; Bez senzorskom vektorskom [&hellip;]<\/p>\n","protected":false},"author":1,"featured_media":0,"parent":0,"menu_order":0,"comment_status":"closed","ping_status":"closed","template":"","meta":[],"_links":{"self":[{"href":"https:\/\/asel.hr\/index.php?rest_route=\/wp\/v2\/pages\/1410"}],"collection":[{"href":"https:\/\/asel.hr\/index.php?rest_route=\/wp\/v2\/pages"}],"about":[{"href":"https:\/\/asel.hr\/index.php?rest_route=\/wp\/v2\/types\/page"}],"author":[{"embeddable":true,"href":"https:\/\/asel.hr\/index.php?rest_route=\/wp\/v2\/users\/1"}],"replies":[{"embeddable":true,"href":"https:\/\/asel.hr\/index.php?rest_route=%2Fwp%2Fv2%2Fcomments&post=1410"}],"version-history":[{"count":5,"href":"https:\/\/asel.hr\/index.php?rest_route=\/wp\/v2\/pages\/1410\/revisions"}],"predecessor-version":[{"id":1484,"href":"https:\/\/asel.hr\/index.php?rest_route=\/wp\/v2\/pages\/1410\/revisions\/1484"}],"wp:attachment":[{"href":"https:\/\/asel.hr\/index.php?rest_route=%2Fwp%2Fv2%2Fmedia&parent=1410"}],"curies":[{"name":"wp","href":"https:\/\/api.w.org\/{rel}","templated":true}]}}