{"id":1360,"date":"2017-07-03T06:36:25","date_gmt":"2017-07-03T06:36:25","guid":{"rendered":"http:\/\/asel.hr\/?page_id=1360"},"modified":"2017-07-03T06:36:40","modified_gmt":"2017-07-03T06:36:40","slug":"solarne-susare","status":"publish","type":"page","link":"https:\/\/asel.hr\/?page_id=1360","title":{"rendered":"SOLARNE SU\u0160ARE"},"content":{"rendered":"<h1>SOLARNE SU\u0160ARE<\/h1>\n<p>&nbsp;<br \/>\n&nbsp;<br \/>\nKompletno solarno rje\u0161enje kao potpora su\u0161arama.<br \/>\n(solarni kolektori, cirkulacijske pumpe, rezervar za vodu, izmjenjiva\u010d topline, cijevi i spojni probor, elektronika za solarni krug, automatika za su\u0161enje duhana, servomotor za zaklopku)<br \/>\n&nbsp;<br \/>\n&#8211; Set se projektira ovisno o kapacitetu su\u0161are.<br \/>\n&#8211; Opcija izmjeniva\u010da za iskori\u0161tavanje tople vode za ku\u0107nu upotrebu<br \/>\n&nbsp;<br \/>\n&nbsp;<br \/>\n [gmedia id=76]<br \/>\n&nbsp;<\/p>\n","protected":false},"excerpt":{"rendered":"<p>SOLARNE SU\u0160ARE &nbsp; &nbsp; Kompletno solarno rje\u0161enje kao potpora su\u0161arama. (solarni kolektori, cirkulacijske pumpe, rezervar za vodu, izmjenjiva\u010d topline, cijevi i spojni probor, elektronika za solarni krug, automatika za su\u0161enje duhana, servomotor za zaklopku) &nbsp; &#8211; Set se projektira ovisno o kapacitetu su\u0161are. &#8211; Opcija izmjeniva\u010da za iskori\u0161tavanje tople vode za ku\u0107nu upotrebu &nbsp; &nbsp; [&hellip;]<\/p>\n","protected":false},"author":1,"featured_media":0,"parent":0,"menu_order":0,"comment_status":"closed","ping_status":"closed","template":"","meta":[],"_links":{"self":[{"href":"https:\/\/asel.hr\/index.php?rest_route=\/wp\/v2\/pages\/1360"}],"collection":[{"href":"https:\/\/asel.hr\/index.php?rest_route=\/wp\/v2\/pages"}],"about":[{"href":"https:\/\/asel.hr\/index.php?rest_route=\/wp\/v2\/types\/page"}],"author":[{"embeddable":true,"href":"https:\/\/asel.hr\/index.php?rest_route=\/wp\/v2\/users\/1"}],"replies":[{"embeddable":true,"href":"https:\/\/asel.hr\/index.php?rest_route=%2Fwp%2Fv2%2Fcomments&post=1360"}],"version-history":[{"count":4,"href":"https:\/\/asel.hr\/index.php?rest_route=\/wp\/v2\/pages\/1360\/revisions"}],"predecessor-version":[{"id":1365,"href":"https:\/\/asel.hr\/index.php?rest_route=\/wp\/v2\/pages\/1360\/revisions\/1365"}],"wp:attachment":[{"href":"https:\/\/asel.hr\/index.php?rest_route=%2Fwp%2Fv2%2Fmedia&parent=1360"}],"curies":[{"name":"wp","href":"https:\/\/api.w.org\/{rel}","templated":true}]}}