{"id":1315,"date":"2017-04-07T06:02:52","date_gmt":"2017-04-07T06:02:52","guid":{"rendered":"http:\/\/asel.hr\/?page_id=1315"},"modified":"2018-07-04T07:22:20","modified_gmt":"2018-07-04T07:22:20","slug":"solarno-cvijece","status":"publish","type":"page","link":"https:\/\/asel.hr\/?page_id=1315","title":{"rendered":"SOLARNO-CVIJECE"},"content":{"rendered":"<h1>SOLARNO CVIJE\u0106E<\/h1>\n<p>&nbsp;<br \/>\n&nbsp;<br \/>\n<center><img decoding=\"async\" loading=\"lazy\" src=\"http:\/\/asel.hr\/wp-content\/uploads\/2017\/04\/solarno-cvijece-naslovna.jpg\" alt=\"SC\" width=\"400\" height=\"270\" class=\"alignnone size-medium wp-image-1316\" \/><br \/>\n&nbsp;<br \/>\nSolarno cvije\u0107e za grob Va\u0161ih najmilijih koje \u0107e biti simbol vje\u010dnog svjetla te krasiti i osvjetljavati njihova po\u010divali\u0161ta.<br \/>\nSolarno cvije\u0107e svijetli na solarnu energiju<br \/>\n&#8211; mogu\u0107e programirati po\u010detak i trajanje upaljenosti solarnog cvije\u0107a<\/p>\n<p>&nbsp;<br \/>\nSpecifikacije:<br \/>\nsolarni panel 40W<br \/>\nregulator 10A sa timerom<br \/>\ngel baterija 35Ah 12V<br \/>\nVaza sa 4 led lampice<br \/>\nKutija sa nosa\u010dem za panel<br \/>\n&nbsp;<br \/>\nili po \u017eeljama kupaca<br \/>\n&nbsp;<br \/>\n<\/center><br \/>\n[gmedia id=72]<br \/>\n&nbsp;<br \/>\n<center><font size=\"3\">Detaljnije o ponudama i cijenama posjetite na\u0161u internet trgovinu na ovom <a href=\"http:\/\/asel.hr\/webshop\/\">linku<\/a><\/font><\/center><br \/>\n&nbsp;<\/p>\n","protected":false},"excerpt":{"rendered":"<p>SOLARNO CVIJE\u0106E &nbsp; &nbsp; &nbsp; Solarno cvije\u0107e za grob Va\u0161ih najmilijih koje \u0107e biti simbol vje\u010dnog svjetla te krasiti i osvjetljavati njihova po\u010divali\u0161ta. Solarno cvije\u0107e svijetli na solarnu energiju &#8211; mogu\u0107e programirati po\u010detak i trajanje upaljenosti solarnog cvije\u0107a &nbsp; Specifikacije: solarni panel 40W regulator 10A sa timerom gel baterija 35Ah 12V Vaza sa 4 led [&hellip;]<\/p>\n","protected":false},"author":1,"featured_media":0,"parent":0,"menu_order":0,"comment_status":"closed","ping_status":"closed","template":"","meta":[],"_links":{"self":[{"href":"https:\/\/asel.hr\/index.php?rest_route=\/wp\/v2\/pages\/1315"}],"collection":[{"href":"https:\/\/asel.hr\/index.php?rest_route=\/wp\/v2\/pages"}],"about":[{"href":"https:\/\/asel.hr\/index.php?rest_route=\/wp\/v2\/types\/page"}],"author":[{"embeddable":true,"href":"https:\/\/asel.hr\/index.php?rest_route=\/wp\/v2\/users\/1"}],"replies":[{"embeddable":true,"href":"https:\/\/asel.hr\/index.php?rest_route=%2Fwp%2Fv2%2Fcomments&post=1315"}],"version-history":[{"count":8,"href":"https:\/\/asel.hr\/index.php?rest_route=\/wp\/v2\/pages\/1315\/revisions"}],"predecessor-version":[{"id":1498,"href":"https:\/\/asel.hr\/index.php?rest_route=\/wp\/v2\/pages\/1315\/revisions\/1498"}],"wp:attachment":[{"href":"https:\/\/asel.hr\/index.php?rest_route=%2Fwp%2Fv2%2Fmedia&parent=1315"}],"curies":[{"name":"wp","href":"https:\/\/api.w.org\/{rel}","templated":true}]}}