{"id":1202,"date":"2016-02-04T12:09:04","date_gmt":"2016-02-04T12:09:04","guid":{"rendered":"http:\/\/asel.hr\/?page_id=1202"},"modified":"2016-02-04T12:09:04","modified_gmt":"2016-02-04T12:09:04","slug":"cnc-strojevi-za-savijanje","status":"publish","type":"page","link":"https:\/\/asel.hr\/?page_id=1202","title":{"rendered":"CNC STROJEVI ZA SAVIJANJE"},"content":{"rendered":"<table>\n<tr>\n<td>\n<a href=\"http:\/\/asel.hr\/?page_id=257\"><\/p>\n<h1>STROJ ZA SAVIJANJE \u017dICE (BM1)<\/h1>\n<p><\/a>\n<\/td>\n<td>\n<a href=\"http:\/\/asel.hr\/?page_id=949\"><\/p>\n<h1>CNC BENDING MACHINE (BM2)<\/h1>\n<p><\/a>\n<\/td>\n<td>\n<a href=\"http:\/\/asel.hr\/?page_id=266\"><\/p>\n<h1>RU\u010cNI OBLIKA\u010c \u017dICA<\/h1>\n<p><\/a>\n<\/td>\n<\/tr>\n<tr>\n<td>\n<a href=\"http:\/\/asel.hr\/?page_id=257\"><\/p>\n<p style=\"text-align: center;\"><center><img decoding=\"async\" loading=\"lazy\" class=\"alignnone size-medium wp-image-263\" src=\"http:\/\/www.asel.hr\/wp-content\/uploads\/2015\/10\/BM1-14-with-tools-500x-300x291.jpg\" alt=\"BM1-14 with tools 500x\" width=\"200\" height=\"191\" \/><\/center><\/a>\n<\/td>\n<td>\n<a href=\"http:\/\/asel.hr\/?page_id=949\"><center><img decoding=\"async\" loading=\"lazy\" class=\"alignnone wp-image-334 size-full\" src=\"http:\/\/www.asel.hr\/en\/wp-content\/uploads\/sites\/2\/2015\/12\/BM2-e1449058083875.jpg\" alt=\"BM2\" width=\"200\" height=\"243\" \/><\/center><\/a>\n<\/td>\n<td>\n<a href=\"http:\/\/asel.hr\/?page_id=266\"><center><img decoding=\"async\" loading=\"lazy\" src=\"http:\/\/www.asel.hr\/wp-content\/uploads\/2015\/10\/maf1.jpg\" alt=\"maf1\" width=\"250\" height=\"121\" class=\"alignnone size-full wp-image-681\" \/><\/center><\/a>\n<\/td>\n<\/tr>\n<\/table>\n","protected":false},"excerpt":{"rendered":"<p>STROJ ZA SAVIJANJE \u017dICE (BM1) CNC BENDING MACHINE (BM2) RU\u010cNI OBLIKA\u010c \u017dICA<\/p>\n","protected":false},"author":1,"featured_media":0,"parent":0,"menu_order":0,"comment_status":"closed","ping_status":"closed","template":"","meta":[],"_links":{"self":[{"href":"https:\/\/asel.hr\/index.php?rest_route=\/wp\/v2\/pages\/1202"}],"collection":[{"href":"https:\/\/asel.hr\/index.php?rest_route=\/wp\/v2\/pages"}],"about":[{"href":"https:\/\/asel.hr\/index.php?rest_route=\/wp\/v2\/types\/page"}],"author":[{"embeddable":true,"href":"https:\/\/asel.hr\/index.php?rest_route=\/wp\/v2\/users\/1"}],"replies":[{"embeddable":true,"href":"https:\/\/asel.hr\/index.php?rest_route=%2Fwp%2Fv2%2Fcomments&post=1202"}],"version-history":[{"count":4,"href":"https:\/\/asel.hr\/index.php?rest_route=\/wp\/v2\/pages\/1202\/revisions"}],"predecessor-version":[{"id":1206,"href":"https:\/\/asel.hr\/index.php?rest_route=\/wp\/v2\/pages\/1202\/revisions\/1206"}],"wp:attachment":[{"href":"https:\/\/asel.hr\/index.php?rest_route=%2Fwp%2Fv2%2Fmedia&parent=1202"}],"curies":[{"name":"wp","href":"https:\/\/api.w.org\/{rel}","templated":true}]}}