{"id":278,"date":"2015-10-21T08:36:50","date_gmt":"2015-10-21T08:36:50","guid":{"rendered":"http:\/\/www.asel.hr\/?page_id=278"},"modified":"2021-10-24T22:05:08","modified_gmt":"2021-10-24T22:05:08","slug":"pneumatska-cvikalica","status":"publish","type":"page","link":"http:\/\/asel.hr\/?page_id=278","title":{"rendered":"PNEUMATSKA CVIKALICA"},"content":{"rendered":"<h1>PNEUMATSKA CVIKALICA PC-50<\/h1>\n<p><center><img decoding=\"async\" loading=\"lazy\" class=\"alignnone size-full wp-image-686\" src=\"http:\/\/www.asel.hr\/wp-content\/uploads\/2015\/10\/WC-P-e1447055184908.jpg\" alt=\"WC-P\" width=\"300\" height=\"268\" \/><\/center><\/p>\n<p style=\"text-align: center;\">PC-50 &#8211; pneumatski stroj dizajniran za sije\u010denje \u017ei\u010danih opruga u zadnjem namotu i odsijecanju krakova ili za sije\u010denje obi\u010dnih \u017eica. Navedeni stroj ne zahtijeva visoko kvalificiranu snagu te je vrlo ekonomi\u010dan za odr\u017eavanje.<\/p>\n<p>[gmedia id=16]<\/p>\n<table border=\"0\" width=\"100%\" frame=\"BOX\" rules=\"ALL\" cellspacing=\"1\" cellpadding=\"1\" align=\"center\">\n<tbody>\n<tr valign=\"middle\" bgcolor=\"#FFFFCC\">\n<td>\n<div align=\"center\"><strong>PC-50<\/strong><\/div>\n<\/td>\n<\/tr>\n<tr valign=\"middle\" bgcolor=\"#FFCC00\">\n<td>\n<div align=\"left\">\n<p>Max.promjer \u017eice 5 mm<\/p>\n<\/div>\n<\/td>\n<\/tr>\n<tr valign=\"middle\" bgcolor=\"#FFFFCC\">\n<td>\n<div align=\"left\">\n<p>Max. hod 8 mm<\/p>\n<\/div>\n<\/td>\n<\/tr>\n<tr valign=\"middle\" bgcolor=\"#FFCC00\">\n<td>\n<div align=\"left\">\n<p>Radni pritisak : do 8 bara<\/p>\n<\/div>\n<\/td>\n<\/tr>\n<tr valign=\"middle\" bgcolor=\"#FFFFCC\">\n<td>Produktivnost\/h: ca 950<\/td>\n<\/tr>\n<tr valign=\"middle\" bgcolor=\"#FFCC00\">\n<td>\n<div align=\"left\">\n<p>Te\u017eina 50 Kg<\/p>\n<\/div>\n<\/td>\n<\/tr>\n<tr valign=\"middle\" bgcolor=\"#FFFFCC\">\n<td>\n<div align=\"left\">\n<p><span lang=\"FR\">Dimenzije V*D*\u0160<\/span>: 390*160*545 mm<\/p>\n<\/div>\n<\/td>\n<\/tr>\n<\/tbody>\n<\/table>\n","protected":false},"excerpt":{"rendered":"<p>PNEUMATSKA CVIKALICA PC-50 PC-50 &#8211; pneumatski stroj dizajniran za sije\u010denje \u017ei\u010danih opruga u zadnjem namotu i odsijecanju krakova ili za sije\u010denje obi\u010dnih \u017eica. Navedeni stroj ne zahtijeva visoko kvalificiranu snagu te je vrlo ekonomi\u010dan za odr\u017eavanje. [gmedia id=16] PC-50 Max.promjer \u017eice 5 mm Max. hod 8 mm Radni pritisak : do 8 bara Produktivnost\/h: ca [&hellip;]<\/p>\n","protected":false},"author":1,"featured_media":0,"parent":0,"menu_order":0,"comment_status":"closed","ping_status":"closed","template":"","meta":[],"_links":{"self":[{"href":"http:\/\/asel.hr\/index.php?rest_route=\/wp\/v2\/pages\/278"}],"collection":[{"href":"http:\/\/asel.hr\/index.php?rest_route=\/wp\/v2\/pages"}],"about":[{"href":"http:\/\/asel.hr\/index.php?rest_route=\/wp\/v2\/types\/page"}],"author":[{"embeddable":true,"href":"http:\/\/asel.hr\/index.php?rest_route=\/wp\/v2\/users\/1"}],"replies":[{"embeddable":true,"href":"http:\/\/asel.hr\/index.php?rest_route=%2Fwp%2Fv2%2Fcomments&post=278"}],"version-history":[{"count":9,"href":"http:\/\/asel.hr\/index.php?rest_route=\/wp\/v2\/pages\/278\/revisions"}],"predecessor-version":[{"id":2896,"href":"http:\/\/asel.hr\/index.php?rest_route=\/wp\/v2\/pages\/278\/revisions\/2896"}],"wp:attachment":[{"href":"http:\/\/asel.hr\/index.php?rest_route=%2Fwp%2Fv2%2Fmedia&parent=278"}],"curies":[{"name":"wp","href":"https:\/\/api.w.org\/{rel}","templated":true}]}}