{"id":266,"date":"2015-10-21T07:39:15","date_gmt":"2015-10-21T07:39:15","guid":{"rendered":"http:\/\/www.asel.hr\/?page_id=266"},"modified":"2015-11-09T07:36:52","modified_gmt":"2015-11-09T07:36:52","slug":"rucni-oblikac-zica","status":"publish","type":"page","link":"http:\/\/asel.hr\/?page_id=266","title":{"rendered":"RU\u010cNI OBLIKA\u010c \u017dICA"},"content":{"rendered":"<h1>RU\u010cNI OBLIKA\u010c \u017dICA<\/h1>\n<p>&nbsp;<br \/>\n&nbsp;<br \/>\n<center><img decoding=\"async\" loading=\"lazy\" src=\"http:\/\/www.asel.hr\/wp-content\/uploads\/2015\/10\/maf1.jpg\" alt=\"maf1\" width=\"350\" height=\"121\" class=\"alignnone size-full wp-image-681\" srcset=\"http:\/\/asel.hr\/wp-content\/uploads\/2015\/10\/maf1.jpg 350w, http:\/\/asel.hr\/wp-content\/uploads\/2015\/10\/maf1-300x104.jpg 300w\" sizes=\"(max-width: 350px) 100vw, 350px\" \/><\/center><br \/>\n&nbsp;<\/p>\n<p style=\"text-align: center;\">Maf-5\/-10 je univerzalni ru\u010dno pogonjeni stroj za formiranje \u017eice.<br \/>\nKoristi se za oblikovanje raznih oblika \u017eica i za motanje krakova na krajevima opruga.<\/p>\n<p style=\"text-align: center;\">\nPrikladan je za prototipove i za manje serije.<\/p>\n<p>&nbsp;<br \/>\n[gmedia id=14]<br \/>\n&nbsp;<\/p>\n","protected":false},"excerpt":{"rendered":"<p>RU\u010cNI OBLIKA\u010c \u017dICA &nbsp; &nbsp; &nbsp; Maf-5\/-10 je univerzalni ru\u010dno pogonjeni stroj za formiranje \u017eice. Koristi se za oblikovanje raznih oblika \u017eica i za motanje krakova na krajevima opruga. Prikladan je za prototipove i za manje serije. &nbsp; [gmedia id=14] &nbsp;<\/p>\n","protected":false},"author":1,"featured_media":0,"parent":0,"menu_order":0,"comment_status":"closed","ping_status":"closed","template":"","meta":[],"_links":{"self":[{"href":"http:\/\/asel.hr\/index.php?rest_route=\/wp\/v2\/pages\/266"}],"collection":[{"href":"http:\/\/asel.hr\/index.php?rest_route=\/wp\/v2\/pages"}],"about":[{"href":"http:\/\/asel.hr\/index.php?rest_route=\/wp\/v2\/types\/page"}],"author":[{"embeddable":true,"href":"http:\/\/asel.hr\/index.php?rest_route=\/wp\/v2\/users\/1"}],"replies":[{"embeddable":true,"href":"http:\/\/asel.hr\/index.php?rest_route=%2Fwp%2Fv2%2Fcomments&post=266"}],"version-history":[{"count":5,"href":"http:\/\/asel.hr\/index.php?rest_route=\/wp\/v2\/pages\/266\/revisions"}],"predecessor-version":[{"id":683,"href":"http:\/\/asel.hr\/index.php?rest_route=\/wp\/v2\/pages\/266\/revisions\/683"}],"wp:attachment":[{"href":"http:\/\/asel.hr\/index.php?rest_route=%2Fwp%2Fv2%2Fmedia&parent=266"}],"curies":[{"name":"wp","href":"https:\/\/api.w.org\/{rel}","templated":true}]}}