{"id":257,"date":"2015-10-21T06:17:16","date_gmt":"2015-10-21T06:17:16","guid":{"rendered":"http:\/\/www.asel.hr\/?page_id=257"},"modified":"2018-10-23T07:07:08","modified_gmt":"2018-10-23T07:07:08","slug":"cnc-stroj-za-savijanje-zice","status":"publish","type":"page","link":"http:\/\/asel.hr\/?page_id=257","title":{"rendered":"CNC STROJ ZA SAVIJANJE \u017dICE (BM1)"},"content":{"rendered":"<h1>STROJ ZA SAVIJANJE \u017dICE (BM1)<\/h1>\n<p>&nbsp;<\/p>\n<p><center><img decoding=\"async\" loading=\"lazy\" class=\"alignnone size-medium wp-image-263\" src=\"http:\/\/www.asel.hr\/wp-content\/uploads\/2015\/10\/BM1-14-with-tools-500x-300x291.jpg\" alt=\"BM1-14 with tools 500x\" width=\"300\" height=\"291\" srcset=\"http:\/\/asel.hr\/wp-content\/uploads\/2015\/10\/BM1-14-with-tools-500x-300x291.jpg 300w, http:\/\/asel.hr\/wp-content\/uploads\/2015\/10\/BM1-14-with-tools-500x.jpg 500w\" sizes=\"(max-width: 300px) 100vw, 300px\" \/><\/center>&nbsp;<\/p>\n<p style=\"text-align: center;\">Stroj se koristi za savijanje razli\u010ditih tipova \u017eica ili traka (savijanje u oba smjera).<br \/>\nJako jednostavno programiranje bilo kojeg 2D savijanja kod razli\u010ditih kuteva ili promjera.<br \/>\n&#8211; neograni\u010den broj segmenata<br \/>\n&#8211; mogu\u0107nost pode\u0161avanja brzine u svakom smjeru savijanja \u017eice u svakom segmentu + generalna radna brzina<br \/>\n&#8211; neograni\u010deno spremanje broja programa<br \/>\n&#8211; uklju\u010dena i pedala uz upravljanje<\/p>\n<p>&nbsp;<\/p>\n<p style=\"text-align: center;\">Mogu\u0107nost kori\u0161tenja digitalnog ulaza (npr. touch senzor) i izlaza (npr.pneumatski cilindar) u svakom segmentu<\/p>\n<p>&nbsp;<\/p>\n<p style=\"text-align: center;\"><img decoding=\"async\" loading=\"lazy\" class=\"alignnone size-full wp-image-39\" src=\"http:\/\/www.asel.hr\/wp-content\/uploads\/2015\/10\/new.jpg\" alt=\"new\" width=\"113\" height=\"34\" \/><\/p>\n<p style=\"text-align: center;\">&#8211; 1 servo motor<br \/>\n&#8211; upravljanje sa PC-om<br \/>\n&#8211; windows operativni sustav<br \/>\n&#8211; touch screen u boji<br \/>\n&#8211; mre\u017ea (TCP\/IP)<br \/>\n&#8211; nadogradnja i servisiranje preko interneta<\/p>\n<p>[gmedia id=42]<\/p>\n<h1>Ukoliko ne vidite video sadr\u017eaj instalirajte flash player sa ovog <a href=\"https:\/\/get.adobe.com\/flashplayer\/\">linka<\/a><\/h1>\n<p><center>[gmedia id=82]<\/center>&nbsp;<\/p>\n<table border=\"0\" width=\"670\" cellspacing=\"0\" cellpadding=\"0\" align=\"center\">\n<tbody>\n<tr bgcolor=\"#0000FF\">\n<td valign=\"top\" bgcolor=\"#000066\" width=\"132\"><\/td>\n<td valign=\"top\" bgcolor=\"#000066\" width=\"558\">\n<p class=\"style1\" align=\"center\">BM-8<\/p>\n<\/td>\n<td valign=\"top\" bgcolor=\"#000066\" width=\"558\">\n<p class=\"style1\" align=\"center\">BM-14<\/p>\n<\/td>\n<td valign=\"top\" bgcolor=\"#000066\" width=\"558\">\n<p class=\"style1\" align=\"center\">BM-16<\/p>\n<\/td>\n<\/tr>\n<tr bgcolor=\"#FFCC00\">\n<td valign=\"middle\" width=\"132\" height=\"20\">max. savijanje \u017eice<\/td>\n<td valign=\"middle\" width=\"558\" height=\"20\">\n<p align=\"center\">do 8 mm<\/p>\n<\/td>\n<td valign=\"middle\" width=\"558\" height=\"20\">\n<p align=\"center\">do 14 mm<\/p>\n<\/td>\n<td valign=\"middle\" width=\"558\" height=\"20\">\n<p align=\"center\">do 16 mm<\/p>\n<\/td>\n<\/tr>\n<tr bgcolor=\"#FFFFCC\">\n<td valign=\"middle\" width=\"132\" height=\"20\">te\u017eina ca.<\/td>\n<td valign=\"middle\" width=\"558\" height=\"20\">\n<p align=\"center\">500 kg<\/p>\n<\/td>\n<td valign=\"middle\" width=\"558\" height=\"20\">\n<p align=\"center\">600 kg<\/p>\n<\/td>\n<td valign=\"middle\" width=\"558\" height=\"20\">\n<p align=\"center\">700 kg<\/p>\n<\/td>\n<\/tr>\n<tr bgcolor=\"#FFCC00\">\n<td valign=\"middle\" width=\"132\" height=\"20\">dimenzije V*\u0160*D<\/td>\n<td valign=\"middle\" width=\"558\" height=\"20\">\n<p align=\"center\">900*1000*550<\/p>\n<\/td>\n<td valign=\"middle\" width=\"558\" height=\"20\">\n<p align=\"center\">900*1200*645<\/p>\n<\/td>\n<td valign=\"middle\" width=\"558\" height=\"20\">\n<p align=\"center\">900*1200*660<\/p>\n<\/td>\n<\/tr>\n<tr bgcolor=\"#FFFFCC\">\n<td valign=\"middle\" width=\"132\" height=\"20\">servo drive<\/td>\n<td valign=\"middle\" width=\"558\" height=\"20\">\n<p align=\"center\">3,9kW<\/p>\n<\/td>\n<td valign=\"middle\" width=\"558\" height=\"20\">\n<p align=\"center\">6,9kW<\/p>\n<\/td>\n<td valign=\"middle\" width=\"558\" height=\"20\">\n<p align=\"center\">6,9kW<\/p>\n<\/td>\n<\/tr>\n<tr bgcolor=\"#FFCC00\">\n<td valign=\"middle\" width=\"132\" height=\"20\">Pribori i alati uklju\u010deni u cijenu<\/td>\n<td valign=\"middle\" width=\"558\" height=\"20\">\n<p align=\"center\">razni alati, pedala, itd.<\/p>\n<\/td>\n<td valign=\"middle\" width=\"558\" height=\"20\">\n<p align=\"center\">razni alati, pedala, itd.<\/p>\n<\/td>\n<td valign=\"middle\" width=\"558\" height=\"20\">\n<p align=\"center\">razni alati, pedala, itd.<\/p>\n<\/td>\n<\/tr>\n<\/tbody>\n<\/table>\n<p>&nbsp;<\/p>\n","protected":false},"excerpt":{"rendered":"<p>STROJ ZA SAVIJANJE \u017dICE (BM1) &nbsp; &nbsp; Stroj se koristi za savijanje razli\u010ditih tipova \u017eica ili traka (savijanje u oba smjera). Jako jednostavno programiranje bilo kojeg 2D savijanja kod razli\u010ditih kuteva ili promjera. &#8211; neograni\u010den broj segmenata &#8211; mogu\u0107nost pode\u0161avanja brzine u svakom smjeru savijanja \u017eice u svakom segmentu + generalna radna brzina &#8211; neograni\u010deno [&hellip;]<\/p>\n","protected":false},"author":1,"featured_media":0,"parent":0,"menu_order":0,"comment_status":"closed","ping_status":"closed","template":"","meta":[],"_links":{"self":[{"href":"http:\/\/asel.hr\/index.php?rest_route=\/wp\/v2\/pages\/257"}],"collection":[{"href":"http:\/\/asel.hr\/index.php?rest_route=\/wp\/v2\/pages"}],"about":[{"href":"http:\/\/asel.hr\/index.php?rest_route=\/wp\/v2\/types\/page"}],"author":[{"embeddable":true,"href":"http:\/\/asel.hr\/index.php?rest_route=\/wp\/v2\/users\/1"}],"replies":[{"embeddable":true,"href":"http:\/\/asel.hr\/index.php?rest_route=%2Fwp%2Fv2%2Fcomments&post=257"}],"version-history":[{"count":19,"href":"http:\/\/asel.hr\/index.php?rest_route=\/wp\/v2\/pages\/257\/revisions"}],"predecessor-version":[{"id":2296,"href":"http:\/\/asel.hr\/index.php?rest_route=\/wp\/v2\/pages\/257\/revisions\/2296"}],"wp:attachment":[{"href":"http:\/\/asel.hr\/index.php?rest_route=%2Fwp%2Fv2%2Fmedia&parent=257"}],"curies":[{"name":"wp","href":"https:\/\/api.w.org\/{rel}","templated":true}]}}