{"id":250,"date":"2015-10-21T05:19:25","date_gmt":"2015-10-21T05:19:25","guid":{"rendered":"http:\/\/www.asel.hr\/?page_id=250"},"modified":"2020-11-30T10:43:57","modified_gmt":"2020-11-30T10:43:57","slug":"stroj-za-podizanje-kukica-na-oprugama-rucni","status":"publish","type":"page","link":"http:\/\/asel.hr\/?page_id=250","title":{"rendered":"STROJ ZA PODIZANJE KUKICA NA OPRUGAMA &#8211; RU\u010cNI"},"content":{"rendered":"<h1>RU\u010cNI STROJ ZA PODIZANJE KUKICA NA OPRUGAMA<br \/>\nCOB-1, COB-2<\/h1>\n<p><center><img decoding=\"async\" loading=\"lazy\" class=\"alignnone size-medium wp-image-252\" src=\"http:\/\/www.asel.hr\/wp-content\/uploads\/2015\/10\/COB1-279x300.jpg\" alt=\"COB1\" width=\"279\" height=\"300\" srcset=\"http:\/\/asel.hr\/wp-content\/uploads\/2015\/10\/COB1-279x300.jpg 279w, http:\/\/asel.hr\/wp-content\/uploads\/2015\/10\/COB1-954x1024.jpg 954w\" sizes=\"(max-width: 279px) 100vw, 279px\" \/> <img decoding=\"async\" loading=\"lazy\" class=\"alignnone size-medium wp-image-251\" src=\"http:\/\/www.asel.hr\/wp-content\/uploads\/2015\/10\/COB2-283x300.jpg\" alt=\"COB2\" width=\"283\" height=\"300\" srcset=\"http:\/\/asel.hr\/wp-content\/uploads\/2015\/10\/COB2-283x300.jpg 283w, http:\/\/asel.hr\/wp-content\/uploads\/2015\/10\/COB2-968x1024.jpg 968w\" sizes=\"(max-width: 283px) 100vw, 283px\" \/><\/center><\/p>\n<p style=\"text-align: center;\">Strojevi COB-1\/-2 se koriste za podizanje kukica na vla\u010dnim oprugama.<br \/>\nStrojevi mogu izra\u0111ivati pune i pola jednostavne njema\u010dke kukice (jednostrane i dvostrane njema\u010dke i engleske kukice mogu se tako\u0111er napraviti sa dodatnim alatima)na desno ili lijevo motanim vla\u010dnim oprugama.<br \/>\nAlat za sije\u010denje \u017eice (u istom rangu promjera \u017eica) je dodatan pribor.<\/p>\n<p style=\"text-align: center;\">COB-1: rang promjera \u017eica od 0,5 do 1,2mm.<br \/>\nCOB-2: rang promjera \u017eica od 1,0 do 2,2mm.<br \/>\nRukovanje sa strojem je izuzetno jednostavno.<\/p>\n<table width=\"95%\" cellspacing=\"0\" cellpadding=\"0\" align=\"center\">\n<tbody>\n<tr bgcolor=\"#FFCC00\">\n<td width=\"33%\"><strong>Tipovi strojeva:<\/strong><\/td>\n<td width=\"41%\"><strong>COB-1<\/strong><\/td>\n<td width=\"26%\"><strong>COB-2<\/strong><\/td>\n<\/tr>\n<tr bgcolor=\"#FFFFCC\">\n<td>Rang promjera \u017eice(mm):<\/td>\n<td>0,5 &#8211; 1,2<\/td>\n<td>1,0 &#8211; 2,2<\/td>\n<\/tr>\n<tr bgcolor=\"#FFCC00\">\n<td>Rang vanjskog promjera opruge(mm):<\/td>\n<td>3,0 \u201315 (18)<\/td>\n<td>8 -30,0<\/td>\n<\/tr>\n<tr bgcolor=\"#FFFFCC\">\n<td>Te\u017eina: ca. (kg):<\/td>\n<td>6<\/td>\n<td>9<\/td>\n<\/tr>\n<tr bgcolor=\"#FFCC00\">\n<td>Dimenzije V*D*\u0160 (mm):<\/td>\n<td>400*180*45<\/td>\n<td>500*220*55<\/td>\n<\/tr>\n<tr bgcolor=\"#FFFFCC\">\n<td rowspan=\"2\">Dodatni alati:<\/td>\n<td>Engleske kukice<\/td>\n<td>Engleske kukice<\/td>\n<\/tr>\n<tr>\n<td bgcolor=\"#FFCC00\">sjeka\u010d \u017eice<\/td>\n<td bgcolor=\"#FFCC00\">sjeka\u010d \u017eice<\/td>\n<\/tr>\n<\/tbody>\n<\/table>\n","protected":false},"excerpt":{"rendered":"<p>RU\u010cNI STROJ ZA PODIZANJE KUKICA NA OPRUGAMA COB-1, COB-2 Strojevi COB-1\/-2 se koriste za podizanje kukica na vla\u010dnim oprugama. Strojevi mogu izra\u0111ivati pune i pola jednostavne njema\u010dke kukice (jednostrane i dvostrane njema\u010dke i engleske kukice mogu se tako\u0111er napraviti sa dodatnim alatima)na desno ili lijevo motanim vla\u010dnim oprugama. Alat za sije\u010denje \u017eice (u istom rangu [&hellip;]<\/p>\n","protected":false},"author":1,"featured_media":0,"parent":0,"menu_order":0,"comment_status":"closed","ping_status":"closed","template":"","meta":[],"_links":{"self":[{"href":"http:\/\/asel.hr\/index.php?rest_route=\/wp\/v2\/pages\/250"}],"collection":[{"href":"http:\/\/asel.hr\/index.php?rest_route=\/wp\/v2\/pages"}],"about":[{"href":"http:\/\/asel.hr\/index.php?rest_route=\/wp\/v2\/types\/page"}],"author":[{"embeddable":true,"href":"http:\/\/asel.hr\/index.php?rest_route=\/wp\/v2\/users\/1"}],"replies":[{"embeddable":true,"href":"http:\/\/asel.hr\/index.php?rest_route=%2Fwp%2Fv2%2Fcomments&post=250"}],"version-history":[{"count":6,"href":"http:\/\/asel.hr\/index.php?rest_route=\/wp\/v2\/pages\/250\/revisions"}],"predecessor-version":[{"id":2859,"href":"http:\/\/asel.hr\/index.php?rest_route=\/wp\/v2\/pages\/250\/revisions\/2859"}],"wp:attachment":[{"href":"http:\/\/asel.hr\/index.php?rest_route=%2Fwp%2Fv2%2Fmedia&parent=250"}],"curies":[{"name":"wp","href":"https:\/\/api.w.org\/{rel}","templated":true}]}}