{"id":226,"date":"2015-10-20T11:38:08","date_gmt":"2015-10-20T11:38:08","guid":{"rendered":"http:\/\/www.asel.hr\/?page_id=226"},"modified":"2018-10-23T07:20:48","modified_gmt":"2018-10-23T07:20:48","slug":"stroj-za-podizanje-kukica-na-oprugama-hidraulicni","status":"publish","type":"page","link":"http:\/\/asel.hr\/?page_id=226","title":{"rendered":"STROJ ZA PODIZANJE KUKICA NA OPRUGAMA &#8211; HIDRAULI\u010cNI"},"content":{"rendered":"<h1>HIDRAULI\u010cNI STROJ ZA PODIZANJE KUKICA NA OPRUGAMA<br \/>\nCMP-120, CMP-160, CMP-200<\/h1>\n<p>&nbsp;<\/p>\n<p><center><img decoding=\"async\" loading=\"lazy\" class=\"alignnone size-medium wp-image-1240\" src=\"http:\/\/asel.hr\/wp-content\/uploads\/2015\/10\/CMP200-157x300.jpg\" alt=\"CMP200\" width=\"157\" height=\"300\" srcset=\"http:\/\/asel.hr\/wp-content\/uploads\/2015\/10\/CMP200-157x300.jpg 157w, http:\/\/asel.hr\/wp-content\/uploads\/2015\/10\/CMP200.jpg 209w\" sizes=\"(max-width: 157px) 100vw, 157px\" \/><\/center>&nbsp;<\/p>\n<p style=\"text-align: center;\">CMP-120\/-160\/-200 su hidrauli\u010dni strojevi za podizanje kukica na tla\u010dnim oprugama<\/p>\n<p style=\"text-align: center;\">Prema gore navedenim tipovima strojeva mogu se izra\u0111ivati pune i pola jednostavne njema\u010dke (kontinentalne) kukice na desno ili lijevo motanim vla\u010dnim oprugama.<\/p>\n<p>&nbsp;<\/p>\n<p style=\"text-align: center;\">Opseg promjera \u017eica koje stroj podr\u017eava ovisi o modelima:<br \/>\n&#8211; CMP-120- od 4,0 mm do 12,0 mm;<br \/>\n&#8211; CMP-160- od 5,0 mm do 16,0 mm;<br \/>\n&#8211; CMP-200- od 8,0 mm do 20,0 mm (6,0 mm do 8,0 mm sa extra priborom).<\/p>\n<p>&nbsp;<\/p>\n<p style=\"text-align: center;\">Rukovanje sa strojem je jako jednostavno. Radi na principu da stroj prvo pritisne oprugu te poslije toga pravi kuku. Alati su lako prepoznatljivi i mogu se brzo mjenjati za druge vrste opruga.<\/p>\n<p>[gmedia id=12]<\/p>\n<h1>Ukoliko ne vidite video sadr\u017eaj instalirajte flash player sa ovog <a href=\"https:\/\/get.adobe.com\/flashplayer\/\">linka<\/a><\/h1>\n<p><center>[gmedia id=86]<\/center>&nbsp;<\/p>\n<table width=\"100%\" cellspacing=\"0\" cellpadding=\"0\" align=\"center\">\n<tbody>\n<tr bgcolor=\"#FFCC00\">\n<td width=\"31%\"><\/td>\n<td width=\"22%\"><strong>CMP-120<\/strong><\/td>\n<td width=\"23%\"><strong>CMP-160 <\/strong><\/td>\n<td width=\"24%\"><strong>CMP-200<\/strong><\/td>\n<\/tr>\n<tr bgcolor=\"#FFFFCC\">\n<td>Max.promjer \u017eice:(mm)<\/td>\n<td>4,0 &#8211; 12,0<\/td>\n<td>5,0 &#8211; 16,0<\/td>\n<td>8,0 &#8211; 20,0<\/td>\n<\/tr>\n<tr bgcolor=\"#FFCC00\">\n<td>Max. promjer opruge (mm)<\/td>\n<td>150<\/td>\n<td>180<\/td>\n<td>250<\/td>\n<\/tr>\n<tr bgcolor=\"#FFFFCC\">\n<td>Te\u017eina:(Kg)<\/td>\n<td>490<\/td>\n<td>560<\/td>\n<td>680<\/td>\n<\/tr>\n<tr bgcolor=\"#FFCC00\">\n<td>Dimenzije V*D*\u0160:(mm)<\/td>\n<td>1400x900x730<\/td>\n<td>1500x850x760<\/td>\n<td>1500x850x760<\/td>\n<\/tr>\n<\/tbody>\n<\/table>\n<p>&nbsp;<\/p>\n","protected":false},"excerpt":{"rendered":"<p>HIDRAULI\u010cNI STROJ ZA PODIZANJE KUKICA NA OPRUGAMA CMP-120, CMP-160, CMP-200 &nbsp; &nbsp; CMP-120\/-160\/-200 su hidrauli\u010dni strojevi za podizanje kukica na tla\u010dnim oprugama Prema gore navedenim tipovima strojeva mogu se izra\u0111ivati pune i pola jednostavne njema\u010dke (kontinentalne) kukice na desno ili lijevo motanim vla\u010dnim oprugama. &nbsp; Opseg promjera \u017eica koje stroj podr\u017eava ovisi o modelima: &#8211; [&hellip;]<\/p>\n","protected":false},"author":1,"featured_media":0,"parent":0,"menu_order":0,"comment_status":"closed","ping_status":"closed","template":"","meta":[],"_links":{"self":[{"href":"http:\/\/asel.hr\/index.php?rest_route=\/wp\/v2\/pages\/226"}],"collection":[{"href":"http:\/\/asel.hr\/index.php?rest_route=\/wp\/v2\/pages"}],"about":[{"href":"http:\/\/asel.hr\/index.php?rest_route=\/wp\/v2\/types\/page"}],"author":[{"embeddable":true,"href":"http:\/\/asel.hr\/index.php?rest_route=\/wp\/v2\/users\/1"}],"replies":[{"embeddable":true,"href":"http:\/\/asel.hr\/index.php?rest_route=%2Fwp%2Fv2%2Fcomments&post=226"}],"version-history":[{"count":19,"href":"http:\/\/asel.hr\/index.php?rest_route=\/wp\/v2\/pages\/226\/revisions"}],"predecessor-version":[{"id":2341,"href":"http:\/\/asel.hr\/index.php?rest_route=\/wp\/v2\/pages\/226\/revisions\/2341"}],"wp:attachment":[{"href":"http:\/\/asel.hr\/index.php?rest_route=%2Fwp%2Fv2%2Fmedia&parent=226"}],"curies":[{"name":"wp","href":"https:\/\/api.w.org\/{rel}","templated":true}]}}