{"id":219,"date":"2015-10-20T08:48:19","date_gmt":"2015-10-20T08:48:19","guid":{"rendered":"http:\/\/www.asel.hr\/?page_id=219"},"modified":"2017-07-13T09:03:40","modified_gmt":"2017-07-13T09:03:40","slug":"horizontalno-mehanicko-vitlo","status":"publish","type":"page","link":"http:\/\/asel.hr\/?page_id=219","title":{"rendered":"HORIZONTALNO MEHANI\u010cKO VITLO"},"content":{"rendered":"<h1>HORIZONTALNO MEHANI\u010cKO VITLO<\/h1>\n<p>&nbsp;<br \/>\n&nbsp;<center><br \/>\n<img decoding=\"async\" loading=\"lazy\" src=\"http:\/\/asel.hr\/wp-content\/uploads\/2017\/07\/vitlo-meh.jpg\" alt=\"HR-200-all11-mal\" width=\"250\" height=\"263\" class=\"alignnone size-full wp-image-964\" \/><br \/>\n&nbsp;<br \/>\nHR-50\/-200 je stroj dizajniran za odmotavanje \u017eice sa bunta i poslu\u017eivanje \u017eice strojevima za izradu opruga.<br \/>\nStroj je opremljen sa mehani\u010dkom ko\u010dnicom<br \/>\nSvi tipovi omogu\u0107uju najnovije sigurnosne propise.<br \/>\n&nbsp;<br \/>\n\u0160irok raspon dostupnih, kao i na te\u017einu kapaciteta, omogu\u0107ava nam da udovoljimo i bilo koji specifi\u010dan zahtjev za kori\u0161tenje na\u0161eg vitla sa bilo kojom vrstom \u017eice.<br \/>\n&nbsp;<br \/>\n[gmedia id=10]<br \/>\n&nbsp;<\/center><\/p>\n<table cellpadding=\"0\" cellspacing=\"0\" width=\"98%\" align=\"center\">\n<tbody>\n<tr bgcolor=\"#FFCC00\">\n<td><\/td>\n<td>HR-50<\/td>\n<td>HR-200<\/td>\n<\/tr>\n<tr bgcolor=\"#FFFFCC\">\n<td>Max.               promjer \u017eice(mm)<\/td>\n<td>1,5<\/td>\n<td>4,0<\/td>\n<\/tr>\n<tr bgcolor=\"#FFCC00\">\n<td>Kapacitet               (N) <\/td>\n<td>500<\/td>\n<td>2000<\/td>\n<\/tr>\n<tr bgcolor=\"#FFFFCC\">\n<td>Max.               promjer stola(mm)<\/td>\n<td>700<\/td>\n<td>1000<\/td>\n<\/tr>\n<tr bgcolor=\"#FFCC00\">\n<td>Visina od poda (mm)<\/td>\n<td>720<\/td>\n<td>720<\/td>\n<\/tr>\n<tr bgcolor=\"#FFFFCC\">\n<td>Max.               visina bunta (mm)<\/td>\n<td>350<\/td>\n<td>400<\/td>\n<\/tr>\n<tr bgcolor=\"#FFCC00\">\n<td bordercolor=\"#FFCC00\">Te\u017eina               (kg) <\/td>\n<td bordercolor=\"#FFCC00\">50<\/td>\n<td bordercolor=\"#FFCC00\">90<\/td>\n<\/tr>\n<tr bgcolor=\"#FFFFCC\">\n<td>Dimenzije               VxDx\u0160 (mm) ca.<\/td>\n<td>900x900x               820<\/td>\n<td>1200x1200x850<\/td>\n<\/tr>\n<\/tbody>\n<\/table>\n<p>&nbsp;<\/p>\n","protected":false},"excerpt":{"rendered":"<p>HORIZONTALNO MEHANI\u010cKO VITLO &nbsp; &nbsp; &nbsp; HR-50\/-200 je stroj dizajniran za odmotavanje \u017eice sa bunta i poslu\u017eivanje \u017eice strojevima za izradu opruga. Stroj je opremljen sa mehani\u010dkom ko\u010dnicom Svi tipovi omogu\u0107uju najnovije sigurnosne propise. &nbsp; \u0160irok raspon dostupnih, kao i na te\u017einu kapaciteta, omogu\u0107ava nam da udovoljimo i bilo koji specifi\u010dan zahtjev za kori\u0161tenje na\u0161eg [&hellip;]<\/p>\n","protected":false},"author":1,"featured_media":0,"parent":0,"menu_order":0,"comment_status":"closed","ping_status":"closed","template":"","meta":[],"_links":{"self":[{"href":"http:\/\/asel.hr\/index.php?rest_route=\/wp\/v2\/pages\/219"}],"collection":[{"href":"http:\/\/asel.hr\/index.php?rest_route=\/wp\/v2\/pages"}],"about":[{"href":"http:\/\/asel.hr\/index.php?rest_route=\/wp\/v2\/types\/page"}],"author":[{"embeddable":true,"href":"http:\/\/asel.hr\/index.php?rest_route=\/wp\/v2\/users\/1"}],"replies":[{"embeddable":true,"href":"http:\/\/asel.hr\/index.php?rest_route=%2Fwp%2Fv2%2Fcomments&post=219"}],"version-history":[{"count":11,"href":"http:\/\/asel.hr\/index.php?rest_route=\/wp\/v2\/pages\/219\/revisions"}],"predecessor-version":[{"id":1407,"href":"http:\/\/asel.hr\/index.php?rest_route=\/wp\/v2\/pages\/219\/revisions\/1407"}],"wp:attachment":[{"href":"http:\/\/asel.hr\/index.php?rest_route=%2Fwp%2Fv2%2Fmedia&parent=219"}],"curies":[{"name":"wp","href":"https:\/\/api.w.org\/{rel}","templated":true}]}}