{"id":2,"date":"2015-10-15T05:04:52","date_gmt":"2015-10-15T05:04:52","guid":{"rendered":"http:\/\/www.asel.hr\/?page_id=2"},"modified":"2018-10-23T07:38:29","modified_gmt":"2018-10-23T07:38:29","slug":"uvlakac-zice","status":"publish","type":"page","link":"http:\/\/asel.hr\/?page_id=2","title":{"rendered":"FCM 120"},"content":{"rendered":"<p style=\"text-align: center;\">STROJ ZA UVLA\u010cENJE I CVIKANJE &#8211; FCM 120<\/p>\n<p>&nbsp;<\/p>\n<p><center><img decoding=\"async\" loading=\"lazy\" class=\"alignnone size-full wp-image-199\" src=\"http:\/\/asel.hr\/wp-content\/uploads\/2015\/12\/fcm2.jpg\" alt=\"fcm1\" width=\"240\" height=\"238\" \/><\/p>\n<p>CNC stroj za uvla\u010denje i cvikanje FCM-120 sa dva ravna\u010da (2&#215;5 rolki, vertikalni i horizontalni)<\/p>\n<p>&#8211; 100% automatski (programiranje kao PLC)<br \/>\n&#8211; Opseg promjera \u017eice: 4mm-12mm<br \/>\n&#8211; Uvla\u010denje \u017eice prema naprijed i nazad<br \/>\n&#8211; Kontrola preko ra\u010dunala, touch screen u boji 15\u201d, OEM windows 7<br \/>\n&#8211; windows orijentirani programi, neograni\u010den broj programa<br \/>\n&#8211; servisiranje i a\u017euriranje preko mre\u017ee (preko interneta)<br \/>\n&#8211; lagano upravljanje<br \/>\n&#8211; vi\u0161e digitalni ulaza i izlaza<\/p>\n<p><b>Standardna oprema:<\/b><br \/>\n&#8211; Lenze servo oprema (servo motorreduktor, servo pogon)<br \/>\n&#8211; hidrauli\u010dna oprema<br \/>\n&#8211; ravna\u010di (2&#215;5 rolki, verticalni i horizontalni):<br \/>\nza \u017eice promjera 6-mm-12mm (4-6mm se tako\u0111er mogu ravnati ,ali ne tako dobro),<br \/>\n&#8211; rolke za uvla\u010denje \u017eice promjera 4-12mm<br \/>\n&#8211; vodilica za \u017eice<\/p>\n<p><b>Mogu\u0107nost sinkroniziranog rada sa BM1-12 strojem za savijanje (automatsko uvla\u010denje \u017eice, savijanje i cvikanje)<\/b><\/p>\n<p>U sinkroniziranom na\u010dinu rada oba dvije ma\u0161ine mogu izra\u0111ivati \u017eice u obliku slova U za duple torzijske opruge.<\/center>&nbsp;<\/p>\n<p><center>[gmedia id=40]<\/center>&nbsp;<\/p>\n<h1>Ukoliko ne vidite video sadr\u017eaj instalirajte flash player sa ovog <a href=\"https:\/\/get.adobe.com\/flashplayer\/\">linka<\/a><\/h1>\n<p><center>[gmedia id=90]<\/center>&nbsp;<\/p>\n","protected":false},"excerpt":{"rendered":"<p>STROJ ZA UVLA\u010cENJE I CVIKANJE &#8211; FCM 120 &nbsp; CNC stroj za uvla\u010denje i cvikanje FCM-120 sa dva ravna\u010da (2&#215;5 rolki, vertikalni i horizontalni) &#8211; 100% automatski (programiranje kao PLC) &#8211; Opseg promjera \u017eice: 4mm-12mm &#8211; Uvla\u010denje \u017eice prema naprijed i nazad &#8211; Kontrola preko ra\u010dunala, touch screen u boji 15\u201d, OEM windows 7 &#8211; [&hellip;]<\/p>\n","protected":false},"author":1,"featured_media":0,"parent":0,"menu_order":0,"comment_status":"closed","ping_status":"open","template":"","meta":[],"_links":{"self":[{"href":"http:\/\/asel.hr\/index.php?rest_route=\/wp\/v2\/pages\/2"}],"collection":[{"href":"http:\/\/asel.hr\/index.php?rest_route=\/wp\/v2\/pages"}],"about":[{"href":"http:\/\/asel.hr\/index.php?rest_route=\/wp\/v2\/types\/page"}],"author":[{"embeddable":true,"href":"http:\/\/asel.hr\/index.php?rest_route=\/wp\/v2\/users\/1"}],"replies":[{"embeddable":true,"href":"http:\/\/asel.hr\/index.php?rest_route=%2Fwp%2Fv2%2Fcomments&post=2"}],"version-history":[{"count":47,"href":"http:\/\/asel.hr\/index.php?rest_route=\/wp\/v2\/pages\/2\/revisions"}],"predecessor-version":[{"id":2370,"href":"http:\/\/asel.hr\/index.php?rest_route=\/wp\/v2\/pages\/2\/revisions\/2370"}],"wp:attachment":[{"href":"http:\/\/asel.hr\/index.php?rest_route=%2Fwp%2Fv2%2Fmedia&parent=2"}],"curies":[{"name":"wp","href":"https:\/\/api.w.org\/{rel}","templated":true}]}}