{"id":1459,"date":"2017-12-28T07:51:00","date_gmt":"2017-12-28T07:51:00","guid":{"rendered":"http:\/\/asel.hr\/?page_id=1459"},"modified":"2018-10-23T08:36:16","modified_gmt":"2018-10-23T08:36:16","slug":"brzi-hidraulicni-stroj-za-pritiskanje-opruga","status":"publish","type":"page","link":"http:\/\/asel.hr\/?page_id=1459","title":{"rendered":"BRZI HIDRAULI\u010cNI STROJ ZA PRITISKANJE OPRUGA"},"content":{"rendered":"<h1>BRZI HIDRAULI\u010cNI STROJ ZA PRITISKANJE OPRUGA &#8211; HSP10<\/h1>\n<p>&nbsp;<br \/>\n&nbsp;<br \/>\n<center><img decoding=\"async\" loading=\"lazy\" class=\"alignnone size-full wp-image-112\" src=\"http:\/\/www.asel.hr\/en\/wp-content\/uploads\/sites\/2\/2015\/11\/hsp-body-200px.jpg\" alt=\"hsp body 200px\" width=\"200\" height=\"490\" \/>                                       <img decoding=\"async\" loading=\"lazy\" class=\"alignnone size-full wp-image-113\" src=\"http:\/\/www.asel.hr\/en\/wp-content\/uploads\/sites\/2\/2015\/11\/HSP-box-200px.jpg\" alt=\"HSP box 200px\" width=\"200\" height=\"350\" \/><br \/>\n&nbsp;<br \/>\nHSP-10 &#8211; dizajniran da priti\u0161\u0107e opruge na minimalne du\u017eine (Blokiranje opruga).<br \/>\n&nbsp;<br \/>\nStroj je opremljen hidrauli\u010dkim agregatom s hidrauli\u010dnim akumulatorom koji ubrzava proces.<br \/>\nStroja odgovara CE direktivama.<br \/>\n&nbsp;<br \/>\nGlavne karakteristike pritiska\u010da opruga HSP-10:<br \/>\n&nbsp;<br \/>\n&#8211; podesivi pritisak do 12tona<br \/>\n&#8211; Podesiv hod &#8211; max 1,25 m<br \/>\n&#8211; Max promjer \u017eice &#8211; 25mm<br \/>\n&#8211; Za 40-400mm vanjski promjer opruge<br \/>\n&#8211; okolni dr\u017ea\u010di opruge podesivi motorom<br \/>\n&#8211; Mikroprocesorsko upravljanje,<br \/>\n&#8211; Mogu\u0107e sa\u017eimanje vi\u0161e opruga odjednom<br \/>\n&#8211; Brojenje ciklusa pritiskanih opruga<br \/>\n&#8211; Za\u0161titna vrata<br \/>\n&#8211; Podesiva brzina pritiska<br \/>\n&nbsp;<br \/>\n<img decoding=\"async\" loading=\"lazy\" class=\"alignnone size-full wp-image-111\" src=\"http:\/\/www.asel.hr\/en\/wp-content\/uploads\/sites\/2\/2015\/11\/HSP-press400px.jpg\" alt=\"HSP press400px\" width=\"400\" height=\"172\" \/><br \/>\n&nbsp;<\/p>\n<h1>Ukoliko ne vidite video sadr\u017eaj instalirajte flash player sa ovog <a href=\"https:\/\/get.adobe.com\/flashplayer\/\">linka<\/a><\/h1>\n<p>[gmedia id=96]<br \/>\n&nbsp;<br \/>\n<\/center><\/p>\n","protected":false},"excerpt":{"rendered":"<p>BRZI HIDRAULI\u010cNI STROJ ZA PRITISKANJE OPRUGA &#8211; HSP10 &nbsp; &nbsp; &nbsp; HSP-10 &#8211; dizajniran da priti\u0161\u0107e opruge na minimalne du\u017eine (Blokiranje opruga). &nbsp; Stroj je opremljen hidrauli\u010dkim agregatom s hidrauli\u010dnim akumulatorom koji ubrzava proces. Stroja odgovara CE direktivama. &nbsp; Glavne karakteristike pritiska\u010da opruga HSP-10: &nbsp; &#8211; podesivi pritisak do 12tona &#8211; Podesiv hod &#8211; max [&hellip;]<\/p>\n","protected":false},"author":1,"featured_media":0,"parent":0,"menu_order":0,"comment_status":"closed","ping_status":"closed","template":"","meta":[],"_links":{"self":[{"href":"http:\/\/asel.hr\/index.php?rest_route=\/wp\/v2\/pages\/1459"}],"collection":[{"href":"http:\/\/asel.hr\/index.php?rest_route=\/wp\/v2\/pages"}],"about":[{"href":"http:\/\/asel.hr\/index.php?rest_route=\/wp\/v2\/types\/page"}],"author":[{"embeddable":true,"href":"http:\/\/asel.hr\/index.php?rest_route=\/wp\/v2\/users\/1"}],"replies":[{"embeddable":true,"href":"http:\/\/asel.hr\/index.php?rest_route=%2Fwp%2Fv2%2Fcomments&post=1459"}],"version-history":[{"count":3,"href":"http:\/\/asel.hr\/index.php?rest_route=\/wp\/v2\/pages\/1459\/revisions"}],"predecessor-version":[{"id":2395,"href":"http:\/\/asel.hr\/index.php?rest_route=\/wp\/v2\/pages\/1459\/revisions\/2395"}],"wp:attachment":[{"href":"http:\/\/asel.hr\/index.php?rest_route=%2Fwp%2Fv2%2Fmedia&parent=1459"}],"curies":[{"name":"wp","href":"https:\/\/api.w.org\/{rel}","templated":true}]}}